{"id":29950,"date":"2025-09-22T20:43:21","date_gmt":"2025-09-22T20:43:21","guid":{"rendered":"https:\/\/alvobens.com\/?post_type=product&#038;p=29950"},"modified":"2025-09-22T20:43:21","modified_gmt":"2025-09-22T20:43:21","slug":"neucetherm-primario-primario-acrilico-regularizador-de-fundo","status":"publish","type":"product","link":"https:\/\/alvobens.com\/en_us\/product\/neucetherm-primario-primario-acrilico-regularizador-de-fundo\/","title":{"rendered":"NEUCETHERM PRIM\u00e1RIO  Prim\u00e1rio Acr\u00edlico Regularizador de Fundo"},"content":{"rendered":"<p class=\"titulo-prod\">Caracter\u00edsticas<\/p>\n<p>Baseado em resinas acr\u00ed\u00adlicas puras, pigmentos e cargas selecionadas. Este prim\u00e1rio constitui uma nova tecnologia no dom\u00ednio dos isolamentos, garantindo uma boa ader\u00eancia do revestimento final. \u00c9 fundamental para a uniformiza\u00e7\u00e3o da absor\u00e7\u00e3o do suporte, melhorando a homogeneidade da colora\u00e7\u00e3o final.<\/p>\n","protected":false},"excerpt":{"rendered":"<p>Caracter\u00edsticas Baseado em resinas acr\u00ed\u00adlicas puras, pigmentos e cargas selecionadas. Este prim\u00e1rio constitui uma nova tecnologia no dom\u00ednio dos isolamentos,<\/p>\n","protected":false},"featured_media":29952,"comment_status":"open","ping_status":"closed","template":"","meta":[],"product_brand":[186],"product_cat":[236],"product_tag":[242],"class_list":{"0":"post-29950","1":"product","2":"type-product","3":"status-publish","4":"has-post-thumbnail","6":"product_brand-neuce","7":"product_cat-etics-technical-mortars","8":"product_tag-etics-technical-mortars","10":"first","11":"instock","12":"shipping-taxable","13":"product-type-simple"},"_links":{"self":[{"href":"https:\/\/alvobens.com\/en_us\/wp-json\/wp\/v2\/product\/29950","targetHints":{"allow":["GET"]}}],"collection":[{"href":"https:\/\/alvobens.com\/en_us\/wp-json\/wp\/v2\/product"}],"about":[{"href":"https:\/\/alvobens.com\/en_us\/wp-json\/wp\/v2\/types\/product"}],"replies":[{"embeddable":true,"href":"https:\/\/alvobens.com\/en_us\/wp-json\/wp\/v2\/comments?post=29950"}],"wp:featuredmedia":[{"embeddable":true,"href":"https:\/\/alvobens.com\/en_us\/wp-json\/wp\/v2\/media\/29952"}],"wp:attachment":[{"href":"https:\/\/alvobens.com\/en_us\/wp-json\/wp\/v2\/media?parent=29950"}],"wp:term":[{"taxonomy":"product_brand","embeddable":true,"href":"https:\/\/alvobens.com\/en_us\/wp-json\/wp\/v2\/product_brand?post=29950"},{"taxonomy":"product_cat","embeddable":true,"href":"https:\/\/alvobens.com\/en_us\/wp-json\/wp\/v2\/product_cat?post=29950"},{"taxonomy":"product_tag","embeddable":true,"href":"https:\/\/alvobens.com\/en_us\/wp-json\/wp\/v2\/product_tag?post=29950"}],"curies":[{"name":"wp","href":"https:\/\/api.w.org\/{rel}","templated":true}]}}