{"id":30056,"date":"2025-09-26T19:21:59","date_gmt":"2025-09-26T19:21:59","guid":{"rendered":"https:\/\/alvobens.com\/?post_type=product&#038;p=30056"},"modified":"2025-09-26T19:21:59","modified_gmt":"2025-09-26T19:21:59","slug":"tubagens-e-acessorios-hidraulicos","status":"publish","type":"product","link":"https:\/\/alvobens.com\/en_us\/product\/tubagens-e-acessorios-hidraulicos\/","title":{"rendered":"Tubagens e Acess\u00f3rios Hidr\u00e1ulicos"},"content":{"rendered":"","protected":false},"excerpt":{"rendered":"<p>Mangueiras e respectivos acess\u00f3rios (em a\u00e7o e a\u00e7o inox) ;<br \/>\n\u2022 Tubagens sem costura em a\u00e7o e a\u00e7o inox;<br \/>\n\u2022 Acess\u00f3rios de liga\u00e7\u00e3o hidr\u00e1ulicos (de crava\u00e7\u00e3o e de soldar) em a\u00e7o e a\u00e7o inox;<br \/>\n\u2022 Acoplamentos r\u00e1pidos;<br \/>\n\u2022 Mangueiras para v\u00e1cuo e aspira\u00e7\u00e3o;<br \/>\n\u2022 Mangueiras para temperaturas elevadas;<br \/>\n\u2022 Mangueiras para aplica\u00e7\u00f5es alimentares;<br \/>\n\u2022 Tubagem e acess\u00f3rios para ar comprimido;<br \/>\n\u2022 Mangueiras para combust\u00edveis, vapor, escape;<br \/>\n\u2022 Tubagens especiais em a\u00e7o inox;<\/p>\n","protected":false},"featured_media":30058,"comment_status":"open","ping_status":"closed","template":"","meta":[],"product_brand":[],"product_cat":[192],"product_tag":[249],"class_list":{"0":"post-30056","1":"product","2":"type-product","3":"status-publish","4":"has-post-thumbnail","6":"product_cat-lifting-hydraulic-systems","7":"product_tag-lifting-hydraulic-systems","9":"first","10":"instock","11":"shipping-taxable","12":"product-type-simple"},"_links":{"self":[{"href":"https:\/\/alvobens.com\/en_us\/wp-json\/wp\/v2\/product\/30056","targetHints":{"allow":["GET"]}}],"collection":[{"href":"https:\/\/alvobens.com\/en_us\/wp-json\/wp\/v2\/product"}],"about":[{"href":"https:\/\/alvobens.com\/en_us\/wp-json\/wp\/v2\/types\/product"}],"replies":[{"embeddable":true,"href":"https:\/\/alvobens.com\/en_us\/wp-json\/wp\/v2\/comments?post=30056"}],"wp:featuredmedia":[{"embeddable":true,"href":"https:\/\/alvobens.com\/en_us\/wp-json\/wp\/v2\/media\/30058"}],"wp:attachment":[{"href":"https:\/\/alvobens.com\/en_us\/wp-json\/wp\/v2\/media?parent=30056"}],"wp:term":[{"taxonomy":"product_brand","embeddable":true,"href":"https:\/\/alvobens.com\/en_us\/wp-json\/wp\/v2\/product_brand?post=30056"},{"taxonomy":"product_cat","embeddable":true,"href":"https:\/\/alvobens.com\/en_us\/wp-json\/wp\/v2\/product_cat?post=30056"},{"taxonomy":"product_tag","embeddable":true,"href":"https:\/\/alvobens.com\/en_us\/wp-json\/wp\/v2\/product_tag?post=30056"}],"curies":[{"name":"wp","href":"https:\/\/api.w.org\/{rel}","templated":true}]}}