{"id":30420,"date":"2025-09-27T22:03:23","date_gmt":"2025-09-27T22:03:23","guid":{"rendered":"https:\/\/alvobens.com\/?post_type=product&#038;p=30420"},"modified":"2025-09-27T22:03:23","modified_gmt":"2025-09-27T22:03:23","slug":"caderno-kotingo-a5-vermelho-quadriculado-referencia-cader-a5rd-qdr","status":"publish","type":"product","link":"https:\/\/alvobens.com\/en_us\/product\/caderno-kotingo-a5-vermelho-quadriculado-referencia-cader-a5rd-qdr\/","title":{"rendered":"Caderno kotingo A5 vermelho quadriculado refer\u00eancia: CADER-A5RD-QDR"},"content":{"rendered":"<pre class=\"ncrangola-components-1-x-collapsibleTextDescriptionPre\">O caderno A5 \u00e9 um tipo de caderno muito utilizado para anota\u00e7\u00f5es, estudos e organiza\u00e7\u00e3o, especialmente em ambientes escolares e profissionais. Ele \u00e9 caracterizado por seu tamanho A5 e pela capinha de p\u00e1ginas com quadriculado xadrez.<\/pre>\n","protected":false},"excerpt":{"rendered":"<p>O caderno A5 \u00e9 um tipo de caderno muito utilizado para anota\u00e7\u00f5es, estudos e organiza\u00e7\u00e3o, especialmente em ambientes escolares e<\/p>\n","protected":false},"featured_media":30422,"comment_status":"open","ping_status":"closed","template":"","meta":[],"product_brand":[],"product_cat":[197],"product_tag":[257],"class_list":{"0":"post-30420","1":"product","2":"type-product","3":"status-publish","4":"has-post-thumbnail","6":"product_cat-office-tools-furniture","7":"product_tag-office-tools-furniture","9":"first","10":"instock","11":"shipping-taxable","12":"product-type-simple"},"_links":{"self":[{"href":"https:\/\/alvobens.com\/en_us\/wp-json\/wp\/v2\/product\/30420","targetHints":{"allow":["GET"]}}],"collection":[{"href":"https:\/\/alvobens.com\/en_us\/wp-json\/wp\/v2\/product"}],"about":[{"href":"https:\/\/alvobens.com\/en_us\/wp-json\/wp\/v2\/types\/product"}],"replies":[{"embeddable":true,"href":"https:\/\/alvobens.com\/en_us\/wp-json\/wp\/v2\/comments?post=30420"}],"wp:featuredmedia":[{"embeddable":true,"href":"https:\/\/alvobens.com\/en_us\/wp-json\/wp\/v2\/media\/30422"}],"wp:attachment":[{"href":"https:\/\/alvobens.com\/en_us\/wp-json\/wp\/v2\/media?parent=30420"}],"wp:term":[{"taxonomy":"product_brand","embeddable":true,"href":"https:\/\/alvobens.com\/en_us\/wp-json\/wp\/v2\/product_brand?post=30420"},{"taxonomy":"product_cat","embeddable":true,"href":"https:\/\/alvobens.com\/en_us\/wp-json\/wp\/v2\/product_cat?post=30420"},{"taxonomy":"product_tag","embeddable":true,"href":"https:\/\/alvobens.com\/en_us\/wp-json\/wp\/v2\/product_tag?post=30420"}],"curies":[{"name":"wp","href":"https:\/\/api.w.org\/{rel}","templated":true}]}}