{"id":30430,"date":"2025-09-27T22:15:34","date_gmt":"2025-09-27T22:15:34","guid":{"rendered":"https:\/\/alvobens.com\/?post_type=product&#038;p=30430"},"modified":"2025-09-27T22:15:34","modified_gmt":"2025-09-27T22:15:34","slug":"marcador-de-quadro-branco-vermelho-1-12","status":"publish","type":"product","link":"https:\/\/alvobens.com\/en_us\/product\/marcador-de-quadro-branco-vermelho-1-12\/","title":{"rendered":"Marcador de Quadro Branco Vermelho (1\/12)"},"content":{"rendered":"<pre class=\"ncrangola-components-1-x-collapsibleTextDescriptionPre\">Marcador de quadro branco com tinta vermelha, ideal para uso em superf\u00edcies apag\u00e1veis como quadros brancos. Oferece escrita suave, secagem r\u00e1pida e f\u00e1cil remo\u00e7\u00e3o a seco, sem deixar res\u00edduos. \u00c9 indicado tanto para ambientes escolares quanto profissionais.<\/pre>\n","protected":false},"excerpt":{"rendered":"<p>Marcador de quadro branco com tinta vermelha, ideal para uso em superf\u00edcies apag\u00e1veis como quadros brancos. Oferece escrita suave, secagem<\/p>\n","protected":false},"featured_media":30433,"comment_status":"open","ping_status":"closed","template":"","meta":[],"product_brand":[],"product_cat":[197],"product_tag":[257],"class_list":{"0":"post-30430","1":"product","2":"type-product","3":"status-publish","4":"has-post-thumbnail","6":"product_cat-office-tools-furniture","7":"product_tag-office-tools-furniture","9":"first","10":"instock","11":"shipping-taxable","12":"product-type-simple"},"_links":{"self":[{"href":"https:\/\/alvobens.com\/en_us\/wp-json\/wp\/v2\/product\/30430","targetHints":{"allow":["GET"]}}],"collection":[{"href":"https:\/\/alvobens.com\/en_us\/wp-json\/wp\/v2\/product"}],"about":[{"href":"https:\/\/alvobens.com\/en_us\/wp-json\/wp\/v2\/types\/product"}],"replies":[{"embeddable":true,"href":"https:\/\/alvobens.com\/en_us\/wp-json\/wp\/v2\/comments?post=30430"}],"wp:featuredmedia":[{"embeddable":true,"href":"https:\/\/alvobens.com\/en_us\/wp-json\/wp\/v2\/media\/30433"}],"wp:attachment":[{"href":"https:\/\/alvobens.com\/en_us\/wp-json\/wp\/v2\/media?parent=30430"}],"wp:term":[{"taxonomy":"product_brand","embeddable":true,"href":"https:\/\/alvobens.com\/en_us\/wp-json\/wp\/v2\/product_brand?post=30430"},{"taxonomy":"product_cat","embeddable":true,"href":"https:\/\/alvobens.com\/en_us\/wp-json\/wp\/v2\/product_cat?post=30430"},{"taxonomy":"product_tag","embeddable":true,"href":"https:\/\/alvobens.com\/en_us\/wp-json\/wp\/v2\/product_tag?post=30430"}],"curies":[{"name":"wp","href":"https:\/\/api.w.org\/{rel}","templated":true}]}}