{"id":30441,"date":"2025-09-27T22:20:53","date_gmt":"2025-09-27T22:20:53","guid":{"rendered":"https:\/\/alvobens.com\/?post_type=product&#038;p=30441"},"modified":"2025-09-27T22:20:53","modified_gmt":"2025-09-27T22:20:53","slug":"livro-espaco-com-o-pequeno-pinguim-5-anos-referencia-9789720703835","status":"publish","type":"product","link":"https:\/\/alvobens.com\/en_us\/product\/livro-espaco-com-o-pequeno-pinguim-5-anos-referencia-9789720703835\/","title":{"rendered":"Livro Espa\u00e7o com o Pequeno Pinguim &#8211; 5 Anos refer\u00eancia: 9789720703835"},"content":{"rendered":"<pre class=\"ncrangola-components-1-x-collapsibleTextDescriptionPre\">Crescer, melhorando o dom\u00ednio da tua m\u00e3o, do teu corpo, do espa\u00e7o que te rodeia, das formas e das cores, das tuas no\u00e7\u00f5es de c\u00e1lculo e do teu poder de observa\u00e7\u00e3o, \u00e9 o que te proporcionam os livros desta colec\u00e7\u00e3o!Neste livrinho Espa\u00e7o, vais poder aperfei\u00e7oar o teu conhecimento do vocabul\u00e1rio, das posi\u00e7\u00f5es nas quais te podes colocar. Pinturas, colagens, desenhos e tracejados v\u00e3o permitir-te faz\u00ea-lo de uma forma divertida.<\/pre>\n","protected":false},"excerpt":{"rendered":"<p>Crescer, melhorando o dom\u00ednio da tua m\u00e3o, do teu corpo, do espa\u00e7o que te rodeia, das formas e das cores,<\/p>\n","protected":false},"featured_media":30446,"comment_status":"open","ping_status":"closed","template":"","meta":[],"product_brand":[],"product_cat":[197],"product_tag":[257],"class_list":{"0":"post-30441","1":"product","2":"type-product","3":"status-publish","4":"has-post-thumbnail","6":"product_cat-office-tools-furniture","7":"product_tag-office-tools-furniture","9":"first","10":"instock","11":"shipping-taxable","12":"product-type-simple"},"_links":{"self":[{"href":"https:\/\/alvobens.com\/en_us\/wp-json\/wp\/v2\/product\/30441","targetHints":{"allow":["GET"]}}],"collection":[{"href":"https:\/\/alvobens.com\/en_us\/wp-json\/wp\/v2\/product"}],"about":[{"href":"https:\/\/alvobens.com\/en_us\/wp-json\/wp\/v2\/types\/product"}],"replies":[{"embeddable":true,"href":"https:\/\/alvobens.com\/en_us\/wp-json\/wp\/v2\/comments?post=30441"}],"wp:featuredmedia":[{"embeddable":true,"href":"https:\/\/alvobens.com\/en_us\/wp-json\/wp\/v2\/media\/30446"}],"wp:attachment":[{"href":"https:\/\/alvobens.com\/en_us\/wp-json\/wp\/v2\/media?parent=30441"}],"wp:term":[{"taxonomy":"product_brand","embeddable":true,"href":"https:\/\/alvobens.com\/en_us\/wp-json\/wp\/v2\/product_brand?post=30441"},{"taxonomy":"product_cat","embeddable":true,"href":"https:\/\/alvobens.com\/en_us\/wp-json\/wp\/v2\/product_cat?post=30441"},{"taxonomy":"product_tag","embeddable":true,"href":"https:\/\/alvobens.com\/en_us\/wp-json\/wp\/v2\/product_tag?post=30441"}],"curies":[{"name":"wp","href":"https:\/\/api.w.org\/{rel}","templated":true}]}}