{"id":30454,"date":"2025-09-27T22:28:40","date_gmt":"2025-09-27T22:28:40","guid":{"rendered":"https:\/\/alvobens.com\/?post_type=product&#038;p=30454"},"modified":"2025-09-27T22:28:41","modified_gmt":"2025-09-27T22:28:41","slug":"saca-agrafes-preto","status":"publish","type":"product","link":"https:\/\/alvobens.com\/en_us\/product\/saca-agrafes-preto\/","title":{"rendered":"Saca Agrafes Preto"},"content":{"rendered":"<pre class=\"ncrangola-components-1-x-collapsibleTextDescriptionPre\">O saca-grampo \u00e9 uma ferramenta pequena e pr\u00e1tica utilizada para remover grampos de metal que prendem pap\u00e9is ou documentos. Ele \u00e9 especialmente \u00fatil quando voc\u00ea precisa desfazer o agrupamento de pap\u00e9is sem danific\u00e1-los, o que \u00e9 comum em ambientes de escrit\u00f3rio, escolas ou empresas.<\/pre>\n","protected":false},"excerpt":{"rendered":"<p>O saca-grampo \u00e9 uma ferramenta pequena e pr\u00e1tica utilizada para remover grampos de metal que prendem pap\u00e9is ou documentos. Ele<\/p>\n","protected":false},"featured_media":30456,"comment_status":"open","ping_status":"closed","template":"","meta":[],"product_brand":[],"product_cat":[197],"product_tag":[257],"class_list":{"0":"post-30454","1":"product","2":"type-product","3":"status-publish","4":"has-post-thumbnail","6":"product_cat-office-tools-furniture","7":"product_tag-office-tools-furniture","9":"first","10":"instock","11":"shipping-taxable","12":"product-type-simple"},"_links":{"self":[{"href":"https:\/\/alvobens.com\/en_us\/wp-json\/wp\/v2\/product\/30454","targetHints":{"allow":["GET"]}}],"collection":[{"href":"https:\/\/alvobens.com\/en_us\/wp-json\/wp\/v2\/product"}],"about":[{"href":"https:\/\/alvobens.com\/en_us\/wp-json\/wp\/v2\/types\/product"}],"replies":[{"embeddable":true,"href":"https:\/\/alvobens.com\/en_us\/wp-json\/wp\/v2\/comments?post=30454"}],"wp:featuredmedia":[{"embeddable":true,"href":"https:\/\/alvobens.com\/en_us\/wp-json\/wp\/v2\/media\/30456"}],"wp:attachment":[{"href":"https:\/\/alvobens.com\/en_us\/wp-json\/wp\/v2\/media?parent=30454"}],"wp:term":[{"taxonomy":"product_brand","embeddable":true,"href":"https:\/\/alvobens.com\/en_us\/wp-json\/wp\/v2\/product_brand?post=30454"},{"taxonomy":"product_cat","embeddable":true,"href":"https:\/\/alvobens.com\/en_us\/wp-json\/wp\/v2\/product_cat?post=30454"},{"taxonomy":"product_tag","embeddable":true,"href":"https:\/\/alvobens.com\/en_us\/wp-json\/wp\/v2\/product_tag?post=30454"}],"curies":[{"name":"wp","href":"https:\/\/api.w.org\/{rel}","templated":true}]}}