{"id":30461,"date":"2025-09-27T22:39:05","date_gmt":"2025-09-27T22:39:05","guid":{"rendered":"https:\/\/alvobens.com\/?post_type=product&#038;p=30461"},"modified":"2025-09-27T22:39:05","modified_gmt":"2025-09-27T22:39:05","slug":"luvas-soldador-crute-e-1-15-punho-15-cm-en-388407-sacobel","status":"publish","type":"product","link":"https:\/\/alvobens.com\/en_us\/product\/luvas-soldador-crute-e-1-15-punho-15-cm-en-388407-sacobel\/","title":{"rendered":"Luvas Soldador Crute E-1\/15 Punho 15 cm EN 388+407 Sacobel"},"content":{"rendered":"","protected":false},"excerpt":{"rendered":"<p class=\"reference\"><small>Ref. LUVE115<\/small><\/p>\n<div class=\"clearer\"><\/div>\n<div class=\"short-description\">\n<div class=\"std\">Luvas para soldadura em couro dividido com punho comprido. Perfeitamente adequadas para soldaduras TIG. Protegem contra a exposi\u00e7\u00e3o a altas temperaturas e outros tipos de riscos t\u00e9rmicos e mec\u00e2nicos, mantendo o conforto do utilizador.Luvas em couro dividido. Manguito de 15 cm com prote\u00e7\u00e3o do pulso. Pontas dos dedos refor\u00e7adas com tubula\u00e7\u00e3o. Polegar em asa. Design que permite a sua remo\u00e7\u00e3o r\u00e1pida. Cor: cinza natural<\/div>\n<\/div>\n","protected":false},"featured_media":30463,"comment_status":"open","ping_status":"closed","template":"","meta":[],"product_brand":[],"product_cat":[199],"product_tag":[],"class_list":{"0":"post-30461","1":"product","2":"type-product","3":"status-publish","4":"has-post-thumbnail","6":"product_cat-healthcare-departments","8":"first","9":"instock","10":"shipping-taxable","11":"product-type-simple"},"_links":{"self":[{"href":"https:\/\/alvobens.com\/en_us\/wp-json\/wp\/v2\/product\/30461","targetHints":{"allow":["GET"]}}],"collection":[{"href":"https:\/\/alvobens.com\/en_us\/wp-json\/wp\/v2\/product"}],"about":[{"href":"https:\/\/alvobens.com\/en_us\/wp-json\/wp\/v2\/types\/product"}],"replies":[{"embeddable":true,"href":"https:\/\/alvobens.com\/en_us\/wp-json\/wp\/v2\/comments?post=30461"}],"wp:featuredmedia":[{"embeddable":true,"href":"https:\/\/alvobens.com\/en_us\/wp-json\/wp\/v2\/media\/30463"}],"wp:attachment":[{"href":"https:\/\/alvobens.com\/en_us\/wp-json\/wp\/v2\/media?parent=30461"}],"wp:term":[{"taxonomy":"product_brand","embeddable":true,"href":"https:\/\/alvobens.com\/en_us\/wp-json\/wp\/v2\/product_brand?post=30461"},{"taxonomy":"product_cat","embeddable":true,"href":"https:\/\/alvobens.com\/en_us\/wp-json\/wp\/v2\/product_cat?post=30461"},{"taxonomy":"product_tag","embeddable":true,"href":"https:\/\/alvobens.com\/en_us\/wp-json\/wp\/v2\/product_tag?post=30461"}],"curies":[{"name":"wp","href":"https:\/\/api.w.org\/{rel}","templated":true}]}}