{"id":30472,"date":"2025-09-27T22:59:34","date_gmt":"2025-09-27T22:59:34","guid":{"rendered":"https:\/\/alvobens.com\/?post_type=product&#038;p=30472"},"modified":"2025-09-27T22:59:34","modified_gmt":"2025-09-27T22:59:34","slug":"filtro-3m-6055-a2-en141-preco-uni-par2-serie-6000","status":"publish","type":"product","link":"https:\/\/alvobens.com\/en_us\/product\/filtro-3m-6055-a2-en141-preco-uni-par2-serie-6000\/","title":{"rendered":"Filtro 3M 6055-A2 (EN141) (pre\u00e7o uni., par=2) S\u00e9rie 6000"},"content":{"rendered":"","protected":false},"excerpt":{"rendered":"<p>Filtros de substitui\u00e7\u00e3o para trabalhos de pulveriza\u00e7\u00e3o de tinta, pintura com pincel e\/ou rolo;<br \/>\n&#8211; Prote\u00e7\u00e3o A2 contra gases e vapores org\u00e2nicos, como os de tintas \u00e0 base de solvente, adesivos e detergentes de limpeza*;<br \/>\n&#8211; Utilizar com m\u00e1scaras reutiliz\u00e1veis 3M das s\u00e9ries 6000, 6500 e 7000;<br \/>\n&#8211; Proporciona um bom campo de vis\u00e3o como resultado da forma trapezoidal exclusiva;<br \/>\n&#8211; Leves, baixa resist\u00eancia \u00e0 respira\u00e7\u00e3o, bem equilibrados quando ajustados \u00e0 m\u00e1scara;<br \/>\n&#8211; Deve-se ler as Instru\u00e7\u00f5es de Utiliza\u00e7\u00e3o.<br \/>\nA utiliza\u00e7\u00e3o incorreta pode causar les\u00f5es e doen\u00e7as graves ou que apresentem risco de vida.<br \/>\n&#8211; Sem componentes em l\u00e1tex de borracha natural<br \/>\n&#8211; Conte\u00fado da embalagem: 1 par de filtros<br \/>\n&#8211; Compat\u00edvel com a Prote\u00e7\u00e3o Ocular e Auditiva 3M.<\/p>\n<p>Utilize o filtro para Vapores Org\u00e2nicos 3M\u2122 6055 para ajudar a proporcionar prote\u00e7\u00e3o A2 ao efetuar trabalhos comerciais de pulveriza\u00e7\u00e3o de tinta ou de pintura com pincel e rolo. Estes filtros de substitui\u00e7\u00e3o destinam-se a utiliza\u00e7\u00e3o com m\u00e1scaras reutiliz\u00e1veis 3M das s\u00e9ries 6000, 6500 e 7000.<br \/>\nS\u00e3o concebidos para proporcionar prote\u00e7\u00e3o contra gases e vapores org\u00e2nicos, como os de tintas \u00e0 base de solventes, adesivos e detergentes de limpeza, com carbono ativo para um tempo de utiliza\u00e7\u00e3o mais prolongado.<br \/>\nS\u00e3o leves e proporcionam equil\u00edbrio e baixa resist\u00eancia \u00e0 respira\u00e7\u00e3o, tornando a utiliza\u00e7\u00e3o ao longo do dia de trabalho mais confort\u00e1vel, al\u00e9m de que o seu formato trapezoidal exclusivo significa que os utilizadores t\u00eam um bom campo de vis\u00e3o. S\u00e3o testados e aprovados em conformidade com as normas europeias e s\u00e3o compat\u00edveis com a Prote\u00e7\u00e3o Ocular e Auditiva 3M. * Filtro para Vapores Org\u00e2nicos 3M\u2122 6055 &#8211; este produto, quando utilizado como um sistema completo, ajuda a proteger contra certos contaminantes de vapores org\u00e2nicos.<\/p>\n","protected":false},"featured_media":30475,"comment_status":"open","ping_status":"closed","template":"","meta":[],"product_brand":[],"product_cat":[199],"product_tag":[],"class_list":{"0":"post-30472","1":"product","2":"type-product","3":"status-publish","4":"has-post-thumbnail","6":"product_cat-healthcare-departments","8":"first","9":"instock","10":"shipping-taxable","11":"product-type-simple"},"_links":{"self":[{"href":"https:\/\/alvobens.com\/en_us\/wp-json\/wp\/v2\/product\/30472","targetHints":{"allow":["GET"]}}],"collection":[{"href":"https:\/\/alvobens.com\/en_us\/wp-json\/wp\/v2\/product"}],"about":[{"href":"https:\/\/alvobens.com\/en_us\/wp-json\/wp\/v2\/types\/product"}],"replies":[{"embeddable":true,"href":"https:\/\/alvobens.com\/en_us\/wp-json\/wp\/v2\/comments?post=30472"}],"wp:featuredmedia":[{"embeddable":true,"href":"https:\/\/alvobens.com\/en_us\/wp-json\/wp\/v2\/media\/30475"}],"wp:attachment":[{"href":"https:\/\/alvobens.com\/en_us\/wp-json\/wp\/v2\/media?parent=30472"}],"wp:term":[{"taxonomy":"product_brand","embeddable":true,"href":"https:\/\/alvobens.com\/en_us\/wp-json\/wp\/v2\/product_brand?post=30472"},{"taxonomy":"product_cat","embeddable":true,"href":"https:\/\/alvobens.com\/en_us\/wp-json\/wp\/v2\/product_cat?post=30472"},{"taxonomy":"product_tag","embeddable":true,"href":"https:\/\/alvobens.com\/en_us\/wp-json\/wp\/v2\/product_tag?post=30472"}],"curies":[{"name":"wp","href":"https:\/\/api.w.org\/{rel}","templated":true}]}}