{"id":30478,"date":"2025-09-27T23:05:27","date_gmt":"2025-09-27T23:05:27","guid":{"rendered":"https:\/\/alvobens.com\/?post_type=product&#038;p=30478"},"modified":"2025-09-27T23:05:27","modified_gmt":"2025-09-27T23:05:27","slug":"post-it-75x75-fls-4-cores","status":"publish","type":"product","link":"https:\/\/alvobens.com\/en_us\/product\/post-it-75x75-fls-4-cores\/","title":{"rendered":".Post-It 75X75 FLS 4 Cores"},"content":{"rendered":"<pre class=\"ncrangola-components-1-x-collapsibleTextDescriptionPre\">O Post-it MAB 75x75mm com 400 folhas em 4 cores \u00e9 um bloco de notas adesivas ideal para anota\u00e7\u00f5es r\u00e1pidas, recados e organiza\u00e7\u00e3o de tarefas no ambiente de trabalho ou estudo. Com dimens\u00f5es de 75x75mm, oferece espa\u00e7o suficiente para escrever lembretes importantes. As 400 folhas s\u00e3o divididas em quatro cores distintas, facilitando a categoriza\u00e7\u00e3o e prioriza\u00e7\u00e3o das informa\u00e7\u00f5es.<\/pre>\n","protected":false},"excerpt":{"rendered":"<p>O Post-it MAB 75x75mm com 400 folhas em 4 cores \u00e9 um bloco de notas adesivas ideal para anota\u00e7\u00f5es r\u00e1pidas,<\/p>\n","protected":false},"featured_media":30481,"comment_status":"open","ping_status":"closed","template":"","meta":[],"product_brand":[],"product_cat":[197],"product_tag":[257],"class_list":{"0":"post-30478","1":"product","2":"type-product","3":"status-publish","4":"has-post-thumbnail","6":"product_cat-office-tools-furniture","7":"product_tag-office-tools-furniture","9":"first","10":"instock","11":"shipping-taxable","12":"product-type-simple"},"_links":{"self":[{"href":"https:\/\/alvobens.com\/en_us\/wp-json\/wp\/v2\/product\/30478","targetHints":{"allow":["GET"]}}],"collection":[{"href":"https:\/\/alvobens.com\/en_us\/wp-json\/wp\/v2\/product"}],"about":[{"href":"https:\/\/alvobens.com\/en_us\/wp-json\/wp\/v2\/types\/product"}],"replies":[{"embeddable":true,"href":"https:\/\/alvobens.com\/en_us\/wp-json\/wp\/v2\/comments?post=30478"}],"wp:featuredmedia":[{"embeddable":true,"href":"https:\/\/alvobens.com\/en_us\/wp-json\/wp\/v2\/media\/30481"}],"wp:attachment":[{"href":"https:\/\/alvobens.com\/en_us\/wp-json\/wp\/v2\/media?parent=30478"}],"wp:term":[{"taxonomy":"product_brand","embeddable":true,"href":"https:\/\/alvobens.com\/en_us\/wp-json\/wp\/v2\/product_brand?post=30478"},{"taxonomy":"product_cat","embeddable":true,"href":"https:\/\/alvobens.com\/en_us\/wp-json\/wp\/v2\/product_cat?post=30478"},{"taxonomy":"product_tag","embeddable":true,"href":"https:\/\/alvobens.com\/en_us\/wp-json\/wp\/v2\/product_tag?post=30478"}],"curies":[{"name":"wp","href":"https:\/\/api.w.org\/{rel}","templated":true}]}}