{"id":30486,"date":"2025-09-27T23:11:24","date_gmt":"2025-09-27T23:11:24","guid":{"rendered":"https:\/\/alvobens.com\/?post_type=product&#038;p=30486"},"modified":"2025-09-27T23:11:24","modified_gmt":"2025-09-27T23:11:24","slug":"mini-agrafador-24-6-26-6-azul-12flsagrafes-1-6","status":"publish","type":"product","link":"https:\/\/alvobens.com\/en_us\/product\/mini-agrafador-24-6-26-6-azul-12flsagrafes-1-6\/","title":{"rendered":"Mini Agrafador 24\/6-26\/6 Azul 12Fls+Agrafes (1\/6)"},"content":{"rendered":"<pre class=\"ncrangola-components-1-x-collapsibleTextDescriptionPre\">Compacto, pr\u00e1tico e eficiente, o Mini Agrafador Novus \u00e9 a ferramenta ideal para quem precisa de organiza\u00e7\u00e3o no dia a dia. Compat\u00edvel com agrafos 24\/6 e 26\/6, ele \u00e9 capaz de prender at\u00e9 12 folhas de papel com facilidade e precis\u00e3o.\r\nSeu design moderno na cor azul oferece um toque de estilo \u00e0 sua secret\u00e1ria ou material escolar, enquanto seu tamanho mini o torna perfeito para transportar na mochila, estojo ou gaveta. Ideal para uso escolar, dom\u00e9stico ou em escrit\u00f3rio.<\/pre>\n","protected":false},"excerpt":{"rendered":"<p>Compacto, pr\u00e1tico e eficiente, o Mini Agrafador Novus \u00e9 a ferramenta ideal para quem precisa de organiza\u00e7\u00e3o no dia a<\/p>\n","protected":false},"featured_media":30488,"comment_status":"open","ping_status":"closed","template":"","meta":[],"product_brand":[],"product_cat":[197],"product_tag":[257],"class_list":{"0":"post-30486","1":"product","2":"type-product","3":"status-publish","4":"has-post-thumbnail","6":"product_cat-office-tools-furniture","7":"product_tag-office-tools-furniture","9":"first","10":"instock","11":"shipping-taxable","12":"product-type-simple"},"_links":{"self":[{"href":"https:\/\/alvobens.com\/en_us\/wp-json\/wp\/v2\/product\/30486","targetHints":{"allow":["GET"]}}],"collection":[{"href":"https:\/\/alvobens.com\/en_us\/wp-json\/wp\/v2\/product"}],"about":[{"href":"https:\/\/alvobens.com\/en_us\/wp-json\/wp\/v2\/types\/product"}],"replies":[{"embeddable":true,"href":"https:\/\/alvobens.com\/en_us\/wp-json\/wp\/v2\/comments?post=30486"}],"wp:featuredmedia":[{"embeddable":true,"href":"https:\/\/alvobens.com\/en_us\/wp-json\/wp\/v2\/media\/30488"}],"wp:attachment":[{"href":"https:\/\/alvobens.com\/en_us\/wp-json\/wp\/v2\/media?parent=30486"}],"wp:term":[{"taxonomy":"product_brand","embeddable":true,"href":"https:\/\/alvobens.com\/en_us\/wp-json\/wp\/v2\/product_brand?post=30486"},{"taxonomy":"product_cat","embeddable":true,"href":"https:\/\/alvobens.com\/en_us\/wp-json\/wp\/v2\/product_cat?post=30486"},{"taxonomy":"product_tag","embeddable":true,"href":"https:\/\/alvobens.com\/en_us\/wp-json\/wp\/v2\/product_tag?post=30486"}],"curies":[{"name":"wp","href":"https:\/\/api.w.org\/{rel}","templated":true}]}}