{"id":30493,"date":"2025-09-27T23:17:46","date_gmt":"2025-09-27T23:17:46","guid":{"rendered":"https:\/\/alvobens.com\/?post_type=product&#038;p=30493"},"modified":"2025-09-27T23:17:46","modified_gmt":"2025-09-27T23:17:46","slug":"luvas-100-algodao-branca-tb-211spb-cat-1-ref-tb211spb","status":"publish","type":"product","link":"https:\/\/alvobens.com\/en_us\/product\/luvas-100-algodao-branca-tb-211spb-cat-1-ref-tb211spb\/","title":{"rendered":"Luvas 100% Algod\u00e3o Branca TB 211SPB Cat.1 Ref. TB211SPB"},"content":{"rendered":"","protected":false},"excerpt":{"rendered":"<p>Luvas em algod\u00e3o muito absorvente, transpir\u00e1vel e confort\u00e1veis. Algod\u00e3o fibra natural muito absorvente, de cor branco. N\u00e3o provoca alergias. Transpir\u00e1vel. Boa resist\u00eancia mec\u00e2nica, confort\u00e1vel. Ambidestro. Peso 22g\/par.<\/p>\n","protected":false},"featured_media":30495,"comment_status":"open","ping_status":"closed","template":"","meta":[],"product_brand":[],"product_cat":[199],"product_tag":[],"class_list":{"0":"post-30493","1":"product","2":"type-product","3":"status-publish","4":"has-post-thumbnail","6":"product_cat-healthcare-departments","8":"first","9":"instock","10":"shipping-taxable","11":"product-type-simple"},"_links":{"self":[{"href":"https:\/\/alvobens.com\/en_us\/wp-json\/wp\/v2\/product\/30493","targetHints":{"allow":["GET"]}}],"collection":[{"href":"https:\/\/alvobens.com\/en_us\/wp-json\/wp\/v2\/product"}],"about":[{"href":"https:\/\/alvobens.com\/en_us\/wp-json\/wp\/v2\/types\/product"}],"replies":[{"embeddable":true,"href":"https:\/\/alvobens.com\/en_us\/wp-json\/wp\/v2\/comments?post=30493"}],"wp:featuredmedia":[{"embeddable":true,"href":"https:\/\/alvobens.com\/en_us\/wp-json\/wp\/v2\/media\/30495"}],"wp:attachment":[{"href":"https:\/\/alvobens.com\/en_us\/wp-json\/wp\/v2\/media?parent=30493"}],"wp:term":[{"taxonomy":"product_brand","embeddable":true,"href":"https:\/\/alvobens.com\/en_us\/wp-json\/wp\/v2\/product_brand?post=30493"},{"taxonomy":"product_cat","embeddable":true,"href":"https:\/\/alvobens.com\/en_us\/wp-json\/wp\/v2\/product_cat?post=30493"},{"taxonomy":"product_tag","embeddable":true,"href":"https:\/\/alvobens.com\/en_us\/wp-json\/wp\/v2\/product_tag?post=30493"}],"curies":[{"name":"wp","href":"https:\/\/api.w.org\/{rel}","templated":true}]}}