{"id":30494,"date":"2025-09-27T23:17:54","date_gmt":"2025-09-27T23:17:54","guid":{"rendered":"https:\/\/alvobens.com\/?post_type=product&#038;p=30494"},"modified":"2025-09-27T23:17:54","modified_gmt":"2025-09-27T23:17:54","slug":"lancheira-retangular-bluey-e-bingo","status":"publish","type":"product","link":"https:\/\/alvobens.com\/en_us\/product\/lancheira-retangular-bluey-e-bingo\/","title":{"rendered":"Lancheira Retangular Bluey e Bingo"},"content":{"rendered":"<pre class=\"ncrangola-components-1-x-collapsibleTextDescriptionPre\">A lancheira retangular Bluey e Bingo \u00e9 perfeita para acompanhar o dia a dia das crian\u00e7as, trazendo praticidade, organiza\u00e7\u00e3o e um design divertido inspirado nas personagens favoritas do universo infantil.<\/pre>\n","protected":false},"excerpt":{"rendered":"<p>A lancheira retangular Bluey e Bingo \u00e9 perfeita para acompanhar o dia a dia das crian\u00e7as, trazendo praticidade, organiza\u00e7\u00e3o e<\/p>\n","protected":false},"featured_media":30497,"comment_status":"open","ping_status":"closed","template":"","meta":[],"product_brand":[],"product_cat":[197],"product_tag":[257],"class_list":{"0":"post-30494","1":"product","2":"type-product","3":"status-publish","4":"has-post-thumbnail","6":"product_cat-office-tools-furniture","7":"product_tag-office-tools-furniture","9":"first","10":"instock","11":"shipping-taxable","12":"product-type-simple"},"_links":{"self":[{"href":"https:\/\/alvobens.com\/en_us\/wp-json\/wp\/v2\/product\/30494","targetHints":{"allow":["GET"]}}],"collection":[{"href":"https:\/\/alvobens.com\/en_us\/wp-json\/wp\/v2\/product"}],"about":[{"href":"https:\/\/alvobens.com\/en_us\/wp-json\/wp\/v2\/types\/product"}],"replies":[{"embeddable":true,"href":"https:\/\/alvobens.com\/en_us\/wp-json\/wp\/v2\/comments?post=30494"}],"wp:featuredmedia":[{"embeddable":true,"href":"https:\/\/alvobens.com\/en_us\/wp-json\/wp\/v2\/media\/30497"}],"wp:attachment":[{"href":"https:\/\/alvobens.com\/en_us\/wp-json\/wp\/v2\/media?parent=30494"}],"wp:term":[{"taxonomy":"product_brand","embeddable":true,"href":"https:\/\/alvobens.com\/en_us\/wp-json\/wp\/v2\/product_brand?post=30494"},{"taxonomy":"product_cat","embeddable":true,"href":"https:\/\/alvobens.com\/en_us\/wp-json\/wp\/v2\/product_cat?post=30494"},{"taxonomy":"product_tag","embeddable":true,"href":"https:\/\/alvobens.com\/en_us\/wp-json\/wp\/v2\/product_tag?post=30494"}],"curies":[{"name":"wp","href":"https:\/\/api.w.org\/{rel}","templated":true}]}}