{"id":30512,"date":"2025-09-27T23:50:29","date_gmt":"2025-09-27T23:50:29","guid":{"rendered":"https:\/\/alvobens.com\/?post_type=product&#038;p=30512"},"modified":"2025-09-27T23:50:29","modified_gmt":"2025-09-27T23:50:29","slug":"bolsa-sapatilhas-media-real-madrid-equipa-25-26-referencia-412688607921","status":"publish","type":"product","link":"https:\/\/alvobens.com\/en_us\/product\/bolsa-sapatilhas-media-real-madrid-equipa-25-26-referencia-412688607921\/","title":{"rendered":"Bolsa Sapatilhas Media Real Madrid Equipa 25\/26 refer\u00eancia: 412688607921"},"content":{"rendered":"<pre class=\"ncrangola-components-1-x-collapsibleTextDescriptionPre\">A Bolsa para Sapatilhas Real Madrid 2025\/2026 \u00e9 um acess\u00f3rio oficial da equipa merengue, desenvolvido para transportar cal\u00e7ado desportivo com praticidade, estilo e prote\u00e7\u00e3o.<\/pre>\n","protected":false},"excerpt":{"rendered":"<p>A Bolsa para Sapatilhas Real Madrid 2025\/2026 \u00e9 um acess\u00f3rio oficial da equipa merengue, desenvolvido para transportar cal\u00e7ado desportivo com<\/p>\n","protected":false},"featured_media":30514,"comment_status":"open","ping_status":"closed","template":"","meta":[],"product_brand":[],"product_cat":[197],"product_tag":[257],"class_list":{"0":"post-30512","1":"product","2":"type-product","3":"status-publish","4":"has-post-thumbnail","6":"product_cat-office-tools-furniture","7":"product_tag-office-tools-furniture","9":"first","10":"instock","11":"shipping-taxable","12":"product-type-simple"},"_links":{"self":[{"href":"https:\/\/alvobens.com\/en_us\/wp-json\/wp\/v2\/product\/30512","targetHints":{"allow":["GET"]}}],"collection":[{"href":"https:\/\/alvobens.com\/en_us\/wp-json\/wp\/v2\/product"}],"about":[{"href":"https:\/\/alvobens.com\/en_us\/wp-json\/wp\/v2\/types\/product"}],"replies":[{"embeddable":true,"href":"https:\/\/alvobens.com\/en_us\/wp-json\/wp\/v2\/comments?post=30512"}],"wp:featuredmedia":[{"embeddable":true,"href":"https:\/\/alvobens.com\/en_us\/wp-json\/wp\/v2\/media\/30514"}],"wp:attachment":[{"href":"https:\/\/alvobens.com\/en_us\/wp-json\/wp\/v2\/media?parent=30512"}],"wp:term":[{"taxonomy":"product_brand","embeddable":true,"href":"https:\/\/alvobens.com\/en_us\/wp-json\/wp\/v2\/product_brand?post=30512"},{"taxonomy":"product_cat","embeddable":true,"href":"https:\/\/alvobens.com\/en_us\/wp-json\/wp\/v2\/product_cat?post=30512"},{"taxonomy":"product_tag","embeddable":true,"href":"https:\/\/alvobens.com\/en_us\/wp-json\/wp\/v2\/product_tag?post=30512"}],"curies":[{"name":"wp","href":"https:\/\/api.w.org\/{rel}","templated":true}]}}