{"id":30536,"date":"2025-09-28T00:14:00","date_gmt":"2025-09-28T00:14:00","guid":{"rendered":"https:\/\/alvobens.com\/?post_type=product&#038;p=30536"},"modified":"2025-09-28T00:14:00","modified_gmt":"2025-09-28T00:14:00","slug":"protector-auricular-electronico-3m-peltor-eep-100-eu","status":"publish","type":"product","link":"https:\/\/alvobens.com\/en_us\/product\/protector-auricular-electronico-3m-peltor-eep-100-eu\/","title":{"rendered":"Protector Auricular Electr\u00f3nico 3M PELTOR EEP-100 EU"},"content":{"rendered":"","protected":false},"excerpt":{"rendered":"<p class=\"reference\"><small>Ref. 3MEEP100<\/small><\/p>\n<div class=\"clearer\"><\/div>\n<div class=\"short-description\">\n<div class=\"std\">\n<p class=\"p1\">Tamp\u00f5es Auditivos Eletr\u00f3nicos 3M\u2122 PELTOR\u2122 que ajudam a proteger a sua audi\u00e7\u00e3o e melhoram a consci\u00eancia do meio envolvente e as comunica\u00e7\u00f5es em condi\u00e7\u00f5es climat\u00e9ricas mais adversas e ambientes exigentes e ruidosos.<\/p>\n<p class=\"p1\">Recarreg\u00e1veis atrav\u00e9s de uma tomada USB no estojo de carregamento. O estojo tamb\u00e9m armazena facilmente e comodamente os auriculares quando n\u00e3o est\u00e3o a ser utilizados.<\/p>\n<p class=\"p1\">O design pequeno e leve ajuda a melhorar o conforto geral e a experi\u00eancia do utilizador.<br \/>\nCompat\u00edvel com a maior parte dos equipamentos 3M de Prote\u00e7\u00e3o Individual (EPI) para a cabe\u00e7a, tais como capacetes e m\u00e1scaras.<\/p>\n<p class=\"p1\">Disp\u00f5e de um desenho totalmente imperme\u00e1vel, devido a isso, cumpre com os standards militares de protec\u00e7\u00e3o internacional.<br \/>\nPor outro lado, estes tamp\u00f5es est\u00e3o desenhados com a \u00faltima tecnologia electr\u00f3nica militar, isolando o frio e o calor para uma maior protec\u00e7\u00e3o.<\/p>\n<p class=\"p1\">Ideal para trabalhos em ambientes de elevado ru\u00eddo e\/ou em ambientes exigentes, tais como Produ\u00e7\u00e3o e Fabrico de Produtos, sectores da Constru\u00e7\u00e3o, Manuten\u00e7\u00e3o e Carreiras de Tiro.<\/p>\n<ul>\n<li>Fun\u00e7\u00e3o de modula\u00e7\u00e3o de som<\/li>\n<li>Dura\u00e7\u00e3o da bateria: at\u00e9 16 horas<\/li>\n<li>Atenua\u00e7\u00e3o: at\u00e9 32 dB<\/li>\n<li>Bateria de i\u00f5es de l\u00edtio<\/li>\n<li>S\u00f3 um bot\u00e3o na tampa<\/li>\n<li>Escuta ambiente<\/li>\n<li>Tempo de carga: 3h<\/li>\n<li>Porta USB<\/li>\n<li>IP54 standard: resistente \u00e0 \u00e1gua<\/li>\n<li>Cor: verde<\/li>\n<\/ul>\n<\/div>\n<\/div>\n","protected":false},"featured_media":30540,"comment_status":"open","ping_status":"closed","template":"","meta":[],"product_brand":[],"product_cat":[199],"product_tag":[],"class_list":{"0":"post-30536","1":"product","2":"type-product","3":"status-publish","4":"has-post-thumbnail","6":"product_cat-healthcare-departments","8":"first","9":"instock","10":"shipping-taxable","11":"product-type-simple"},"_links":{"self":[{"href":"https:\/\/alvobens.com\/en_us\/wp-json\/wp\/v2\/product\/30536","targetHints":{"allow":["GET"]}}],"collection":[{"href":"https:\/\/alvobens.com\/en_us\/wp-json\/wp\/v2\/product"}],"about":[{"href":"https:\/\/alvobens.com\/en_us\/wp-json\/wp\/v2\/types\/product"}],"replies":[{"embeddable":true,"href":"https:\/\/alvobens.com\/en_us\/wp-json\/wp\/v2\/comments?post=30536"}],"wp:featuredmedia":[{"embeddable":true,"href":"https:\/\/alvobens.com\/en_us\/wp-json\/wp\/v2\/media\/30540"}],"wp:attachment":[{"href":"https:\/\/alvobens.com\/en_us\/wp-json\/wp\/v2\/media?parent=30536"}],"wp:term":[{"taxonomy":"product_brand","embeddable":true,"href":"https:\/\/alvobens.com\/en_us\/wp-json\/wp\/v2\/product_brand?post=30536"},{"taxonomy":"product_cat","embeddable":true,"href":"https:\/\/alvobens.com\/en_us\/wp-json\/wp\/v2\/product_cat?post=30536"},{"taxonomy":"product_tag","embeddable":true,"href":"https:\/\/alvobens.com\/en_us\/wp-json\/wp\/v2\/product_tag?post=30536"}],"curies":[{"name":"wp","href":"https:\/\/api.w.org\/{rel}","templated":true}]}}