{"id":30548,"date":"2025-09-28T00:19:13","date_gmt":"2025-09-28T00:19:13","guid":{"rendered":"https:\/\/alvobens.com\/?post_type=product&#038;p=30548"},"modified":"2025-09-28T00:19:13","modified_gmt":"2025-09-28T00:19:13","slug":"fato-macaco-ignifugo-anti-estatico-fr-300-g-m2-wk142fr","status":"publish","type":"product","link":"https:\/\/alvobens.com\/en_us\/product\/fato-macaco-ignifugo-anti-estatico-fr-300-g-m2-wk142fr\/","title":{"rendered":"Fato-Macaco Ign\u00edfugo + Anti-Est\u00e1tico FR 300 g\/m2 WK142FR"},"content":{"rendered":"","protected":false},"excerpt":{"rendered":"<p class=\"reference\"><small>Ref. AMFWK142FR<\/small><\/p>\n<div class=\"clearer\"><\/div>\n<div class=\"short-description\">\n<div class=\"std\">\n<p>Fato completo ign\u00edfugo e anti-est\u00e1tico, concebido para funcionar nas condi\u00e7\u00f5es mais dif\u00edceis, combinando conforto e resist\u00eancia com excelente funcionalidade.<\/p>\n<p class=\"p1\">\u2022 Prote\u00e7\u00e3o contra calor radiante, convectivo e de contacto;<br \/>\n\u2022 Fecha com bot\u00f5es de press\u00e3o e pala tapa bot\u00f5es;<br \/>\n\u2022 2 bolsos no peito com bot\u00f5es e pala tapa bot\u00f5es;<br \/>\n\u2022 Gola dupla e refor\u00e7ada;<br \/>\n\u2022 Bolso na manga direita;<br \/>\n\u2022 El\u00e1stico no punho;<\/p>\n<\/div>\n<\/div>\n","protected":false},"featured_media":30550,"comment_status":"open","ping_status":"closed","template":"","meta":[],"product_brand":[],"product_cat":[199],"product_tag":[],"class_list":{"0":"post-30548","1":"product","2":"type-product","3":"status-publish","4":"has-post-thumbnail","6":"product_cat-healthcare-departments","8":"first","9":"instock","10":"shipping-taxable","11":"product-type-simple"},"_links":{"self":[{"href":"https:\/\/alvobens.com\/en_us\/wp-json\/wp\/v2\/product\/30548","targetHints":{"allow":["GET"]}}],"collection":[{"href":"https:\/\/alvobens.com\/en_us\/wp-json\/wp\/v2\/product"}],"about":[{"href":"https:\/\/alvobens.com\/en_us\/wp-json\/wp\/v2\/types\/product"}],"replies":[{"embeddable":true,"href":"https:\/\/alvobens.com\/en_us\/wp-json\/wp\/v2\/comments?post=30548"}],"wp:featuredmedia":[{"embeddable":true,"href":"https:\/\/alvobens.com\/en_us\/wp-json\/wp\/v2\/media\/30550"}],"wp:attachment":[{"href":"https:\/\/alvobens.com\/en_us\/wp-json\/wp\/v2\/media?parent=30548"}],"wp:term":[{"taxonomy":"product_brand","embeddable":true,"href":"https:\/\/alvobens.com\/en_us\/wp-json\/wp\/v2\/product_brand?post=30548"},{"taxonomy":"product_cat","embeddable":true,"href":"https:\/\/alvobens.com\/en_us\/wp-json\/wp\/v2\/product_cat?post=30548"},{"taxonomy":"product_tag","embeddable":true,"href":"https:\/\/alvobens.com\/en_us\/wp-json\/wp\/v2\/product_tag?post=30548"}],"curies":[{"name":"wp","href":"https:\/\/api.w.org\/{rel}","templated":true}]}}