{"id":30553,"date":"2025-09-28T00:21:56","date_gmt":"2025-09-28T00:21:56","guid":{"rendered":"https:\/\/alvobens.com\/?post_type=product&#038;p=30553"},"modified":"2025-09-28T00:21:56","modified_gmt":"2025-09-28T00:21:56","slug":"alcoolimetro-profissional-fast-screening-cdp-7000","status":"publish","type":"product","link":"https:\/\/alvobens.com\/en_us\/product\/alcoolimetro-profissional-fast-screening-cdp-7000\/","title":{"rendered":"Alcool\u00edmetro Profissional Fast Screening CDP 7000"},"content":{"rendered":"","protected":false},"excerpt":{"rendered":"<p class=\"reference\"><small>Ref. ALCPCDP7000<\/small><\/p>\n<div class=\"clearer\"><\/div>\n<div class=\"short-description\">\n<div class=\"std\">\n<p>O alcool\u00edmetro Fast Screening CDP 7000 \u00e9 o mais recente alcool\u00edmetro port\u00e1til para realiza\u00e7\u00e3o de testes r\u00e1pidos.<br \/>\nAdota como seu principal componente a mais nova e alta tecnologia no seu novo e avan\u00e7ado sensor eletroqu\u00edmico para c\u00e9lulas de combust\u00edvel.<br \/>\nPode-se inspecionar com rapidez e precis\u00e3o a concentra\u00e7\u00e3o de \u00e1lcool no ar expirado, permitindo executar mais de 30 testes por minuto, aumentando significativamente a produtividade e economizando bocais.<br \/>\n&#8211; tecnologia MCU avan\u00e7ada de 16 bits de baixa pot\u00eancia, com sensor de c\u00e9lula a combust\u00edvel que oferece grande confiabilidade e precis\u00e3o;<br \/>\n&#8211; visor LCD colorido de f\u00e1cil leitura, com luz de aviso (vermelha) e luz branca, potentes, onde mostra a data e a temperatura real;<br \/>\n&#8211; visor a cores, para uma vis\u00e3o tanto diurna como nocturna;<br \/>\n&#8211; menu intu\u00edtivo e f\u00e1cil de usar;<br \/>\n&#8211; dois n\u00edveis de alarme: ac\u00fastico e visual;<br \/>\n&#8211; fun\u00e7\u00e3o de economia de energia com desligamento autom\u00e1tico;<br \/>\n&#8211; tempo de sopro ajust\u00e1vel pelo operador;<br \/>\n&#8211; unidade de medida e n\u00edvel de alarme ajust\u00e1vel pelo operador;<br \/>\n&#8211; praticamente n\u00e3o precisa de tempo de aquecimento (1 segundo);<br \/>\n&#8211; respostas r\u00e1pidas e precisas;<br \/>\n&#8211; projetado de forma a n\u00e3o haver necessidade de contato com a boca do utilizador; a sua abertura foi projetada para recolher a amostra de ar de forma f\u00e1cil, confort\u00e1vel e muito r\u00e1pida;<br \/>\n&#8211; higi\u00e9nico e seguro, pois n\u00e3o tem contacto com a boca;<br \/>\n&#8211; permite igualmente realizar o teste com boquilhas (boquilhas Zaphir);<br \/>\n&#8211; o uso de boquilha permite a realiza\u00e7\u00e3o de um teste mais rigoroso;<br \/>\n&#8211; fun\u00e7\u00e3o que informa o prazo de calibra\u00e7\u00e3o a cada 6 ou 12 meses (dependendo do uso);<br \/>\n&#8211; com sistema anti-retorno, para maior seguran\u00e7a e higiene, evitando a propaga\u00e7\u00e3o de doen\u00e7as.<\/p>\n<\/div>\n<\/div>\n","protected":false},"featured_media":30555,"comment_status":"open","ping_status":"closed","template":"","meta":[],"product_brand":[],"product_cat":[199],"product_tag":[],"class_list":{"0":"post-30553","1":"product","2":"type-product","3":"status-publish","4":"has-post-thumbnail","6":"product_cat-healthcare-departments","8":"first","9":"instock","10":"shipping-taxable","11":"product-type-simple"},"_links":{"self":[{"href":"https:\/\/alvobens.com\/en_us\/wp-json\/wp\/v2\/product\/30553","targetHints":{"allow":["GET"]}}],"collection":[{"href":"https:\/\/alvobens.com\/en_us\/wp-json\/wp\/v2\/product"}],"about":[{"href":"https:\/\/alvobens.com\/en_us\/wp-json\/wp\/v2\/types\/product"}],"replies":[{"embeddable":true,"href":"https:\/\/alvobens.com\/en_us\/wp-json\/wp\/v2\/comments?post=30553"}],"wp:featuredmedia":[{"embeddable":true,"href":"https:\/\/alvobens.com\/en_us\/wp-json\/wp\/v2\/media\/30555"}],"wp:attachment":[{"href":"https:\/\/alvobens.com\/en_us\/wp-json\/wp\/v2\/media?parent=30553"}],"wp:term":[{"taxonomy":"product_brand","embeddable":true,"href":"https:\/\/alvobens.com\/en_us\/wp-json\/wp\/v2\/product_brand?post=30553"},{"taxonomy":"product_cat","embeddable":true,"href":"https:\/\/alvobens.com\/en_us\/wp-json\/wp\/v2\/product_cat?post=30553"},{"taxonomy":"product_tag","embeddable":true,"href":"https:\/\/alvobens.com\/en_us\/wp-json\/wp\/v2\/product_tag?post=30553"}],"curies":[{"name":"wp","href":"https:\/\/api.w.org\/{rel}","templated":true}]}}