{"id":5212,"date":"2021-08-25T07:26:28","date_gmt":"2021-08-25T07:26:28","guid":{"rendered":"http:\/\/dummy.xtemos.com\/woodmart2\/?page_id=5212"},"modified":"2025-11-04T22:36:28","modified_gmt":"2025-11-04T22:36:28","slug":"about-us-3","status":"publish","type":"page","link":"https:\/\/alvobens.com\/pt\/about-us-3\/","title":{"rendered":"Sobre N\u00f3s"},"content":{"rendered":"<div class=\"wpb-content-wrapper\"><div data-vc-parallax=\"1.5\" class=\"vc_row wpb_row vc_row-fluid vc_row-has-fill vc_general vc_parallax vc_parallax-content-moving wd-rs-68e7c87413c16 wd-section-stretch-content-no-pd\"><div class=\"wpb_column vc_column_container vc_col-sm-12\"><div class=\"vc_column-inner\"><div class=\"wpb_wrapper\">\t\t<div id=\"wd-68e8beb4d2137\" class=\"wd-image wd-wpb wd-rs-68e8beb4d2137 text-center\">\n\t\t\t\n\t\t\t<img loading=\"lazy\" decoding=\"async\" width=\"1024\" height=\"682\" src=\"https:\/\/alvobens.com\/wp-content\/uploads\/2025\/10\/ALVO-BENS-7.png\" class=\"attachment-1650x1050 size-1650x1050\" alt=\"\" srcset=\"https:\/\/alvobens.com\/wp-content\/uploads\/2025\/10\/ALVO-BENS-7.png 1024w, https:\/\/alvobens.com\/wp-content\/uploads\/2025\/10\/ALVO-BENS-7-400x266.png 400w, https:\/\/alvobens.com\/wp-content\/uploads\/2025\/10\/ALVO-BENS-7-768x512.png 768w, https:\/\/alvobens.com\/wp-content\/uploads\/2025\/10\/ALVO-BENS-7-18x12.png 18w, https:\/\/alvobens.com\/wp-content\/uploads\/2025\/10\/ALVO-BENS-7-430x286.png 430w, https:\/\/alvobens.com\/wp-content\/uploads\/2025\/10\/ALVO-BENS-7-700x466.png 700w, https:\/\/alvobens.com\/wp-content\/uploads\/2025\/10\/ALVO-BENS-7-150x100.png 150w\" sizes=\"auto, (max-width: 1024px) 100vw, 1024px\" \/>\n\t\t\t\t\t<\/div>\n\t\t<\/div><\/div><\/div><\/div><div class=\"vc_row wpb_row vc_row-fluid\"><div class=\"wpb_column vc_column_container vc_col-sm-12\"><div class=\"vc_column-inner\"><div class=\"wpb_wrapper\">\t\t<div id=\"wd-68f418d77c232\" class=\"wd-text-block wd-wpb reset-last-child wd-rs-68f418d77c232 text-left wd-fontsize-l\">\n\t\t\t<p>Fundada em 2020, a nossa empresa rapidamente se afirmou como uma das principais refer\u00eancias no mercado angolano, destacando-se pela excel\u00eancia no fornecimento e comercializa\u00e7\u00e3o de produtos para a ind\u00fastria em geral. Desde o in\u00edcio, assumimos o compromisso de oferecer solu\u00e7\u00f5es inovadoras e de qualidade, capazes de responder \u00e0s necessidades crescentes do setor industrial.<\/p>\n\t\t<\/div>\n\t\t<\/div><\/div><\/div><\/div><div class=\"vc_row wpb_row vc_row-fluid\"><div class=\"wpb_column vc_column_container vc_col-sm-12\"><div class=\"vc_column-inner\"><div class=\"wpb_wrapper\">\t\t<div id=\"wd-68d9ca5b2ebf3\" class=\"wd-image wd-wpb wd-rs-68d9ca5b2ebf3 text-center\">\n\t\t\t\n\t\t\t<img loading=\"lazy\" decoding=\"async\" width=\"1050\" height=\"740\" src=\"https:\/\/alvobens.com\/wp-content\/uploads\/2025\/09\/3722e74d-57ac-4acb-a5e3-d1c32c4c1b06.jpg\" class=\"attachment-1050x1050 size-1050x1050\" alt=\"\" srcset=\"https:\/\/alvobens.com\/wp-content\/uploads\/2025\/09\/3722e74d-57ac-4acb-a5e3-d1c32c4c1b06.jpg 1121w, https:\/\/alvobens.com\/wp-content\/uploads\/2025\/09\/3722e74d-57ac-4acb-a5e3-d1c32c4c1b06-400x282.jpg 400w, https:\/\/alvobens.com\/wp-content\/uploads\/2025\/09\/3722e74d-57ac-4acb-a5e3-d1c32c4c1b06-768x541.jpg 768w, https:\/\/alvobens.com\/wp-content\/uploads\/2025\/09\/3722e74d-57ac-4acb-a5e3-d1c32c4c1b06-430x303.jpg 430w, https:\/\/alvobens.com\/wp-content\/uploads\/2025\/09\/3722e74d-57ac-4acb-a5e3-d1c32c4c1b06-700x493.jpg 700w, https:\/\/alvobens.com\/wp-content\/uploads\/2025\/09\/3722e74d-57ac-4acb-a5e3-d1c32c4c1b06-150x106.jpg 150w\" sizes=\"auto, (max-width: 1050px) 100vw, 1050px\" \/>\n\t\t\t\t\t<\/div>\n\t\t\t\t<div id=\"wd-68d9cab70352f\" class=\"wd-image wd-wpb wd-rs-68d9cab70352f text-center\">\n\t\t\t\n\t\t\t<img loading=\"lazy\" decoding=\"async\" width=\"1050\" height=\"740\" src=\"https:\/\/alvobens.com\/wp-content\/uploads\/2025\/09\/a1b559c1-891f-47ef-bf74-c8fce90b5e9c.jpg\" class=\"attachment-1050x1050 size-1050x1050\" alt=\"\" srcset=\"https:\/\/alvobens.com\/wp-content\/uploads\/2025\/09\/a1b559c1-891f-47ef-bf74-c8fce90b5e9c.jpg 1117w, https:\/\/alvobens.com\/wp-content\/uploads\/2025\/09\/a1b559c1-891f-47ef-bf74-c8fce90b5e9c-400x282.jpg 400w, https:\/\/alvobens.com\/wp-content\/uploads\/2025\/09\/a1b559c1-891f-47ef-bf74-c8fce90b5e9c-768x541.jpg 768w, https:\/\/alvobens.com\/wp-content\/uploads\/2025\/09\/a1b559c1-891f-47ef-bf74-c8fce90b5e9c-430x303.jpg 430w, https:\/\/alvobens.com\/wp-content\/uploads\/2025\/09\/a1b559c1-891f-47ef-bf74-c8fce90b5e9c-700x493.jpg 700w, https:\/\/alvobens.com\/wp-content\/uploads\/2025\/09\/a1b559c1-891f-47ef-bf74-c8fce90b5e9c-150x106.jpg 150w\" sizes=\"auto, (max-width: 1050px) 100vw, 1050px\" \/>\n\t\t\t\t\t<\/div>\n\t\t\t\t<div id=\"wd-68d9cac724c2d\" class=\"wd-image wd-wpb wd-rs-68d9cac724c2d text-center\">\n\t\t\t\n\t\t\t<img loading=\"lazy\" decoding=\"async\" width=\"1050\" height=\"744\" src=\"https:\/\/alvobens.com\/wp-content\/uploads\/2025\/09\/cb9a8611-1cea-423b-b225-e4ad1f7806e5.jpg\" class=\"attachment-1050x1050 size-1050x1050\" alt=\"\" srcset=\"https:\/\/alvobens.com\/wp-content\/uploads\/2025\/09\/cb9a8611-1cea-423b-b225-e4ad1f7806e5.jpg 1223w, https:\/\/alvobens.com\/wp-content\/uploads\/2025\/09\/cb9a8611-1cea-423b-b225-e4ad1f7806e5-400x284.jpg 400w, https:\/\/alvobens.com\/wp-content\/uploads\/2025\/09\/cb9a8611-1cea-423b-b225-e4ad1f7806e5-1128x800.jpg 1128w, https:\/\/alvobens.com\/wp-content\/uploads\/2025\/09\/cb9a8611-1cea-423b-b225-e4ad1f7806e5-768x544.jpg 768w, https:\/\/alvobens.com\/wp-content\/uploads\/2025\/09\/cb9a8611-1cea-423b-b225-e4ad1f7806e5-430x305.jpg 430w, https:\/\/alvobens.com\/wp-content\/uploads\/2025\/09\/cb9a8611-1cea-423b-b225-e4ad1f7806e5-700x496.jpg 700w, https:\/\/alvobens.com\/wp-content\/uploads\/2025\/09\/cb9a8611-1cea-423b-b225-e4ad1f7806e5-150x106.jpg 150w\" sizes=\"auto, (max-width: 1050px) 100vw, 1050px\" \/>\n\t\t\t\t\t<\/div>\n\t\t<\/div><\/div><\/div><\/div><div data-vc-parallax=\"1.5\" data-vc-parallax-image=\"https:\/\/alvobens.com\/wp-content\/uploads\/2025\/09\/M0jwRleptM.jpg\" class=\"vc_row wpb_row vc_row-fluid vc_row-has-fill vc_general vc_parallax vc_parallax-content-moving wd-rs-68d9e8038933e\"><div class=\"wpb_column vc_column_container vc_col-sm-12\"><div class=\"vc_column-inner\"><div class=\"wpb_wrapper\">\n\t\t<div id=\"wd-690a7fad1b2b5\" class=\"title-wrapper wd-wpb wd-set-mb reset-last-child  wd-rs-690a7fad1b2b5 wd-title-color-black wd-title-style-underlined text-center wd-off-anim wpb_animate_when_almost_visible wpb_fadeInRightBig fadeInRightBig wd-anim-name_fadeInRightBig  wd-underline-colored\">\n\t\t\t\n\t\t\t<div class=\"liner-continer\">\n\t\t\t\t<h4 class=\"woodmart-title-container title  wd-font-weight-700 wd-fontsize-xxxl\" >Nossa Miss\u00e3o<\/h4>\n\t\t\t\t\t\t\t<\/div>\n\t\t\t\n\t\t\t\t\t\t\t<div class=\"title-after_title reset-last-child  wd-fontsize-s\">A nossa miss\u00e3o \u00e9 eliminar a complexidade na gest\u00e3o e na procura de materiais espec\u00edficos, garantindo que cada cliente encontre exatamente o que necessita, de forma r\u00e1pida e precisa.<\/p>\n<p>Comprometemo-nos ainda a disponibilizar toda a documenta\u00e7\u00e3o necess\u00e1ria de forma simples e acess\u00edvel, proporcionando maior confian\u00e7a, efici\u00eancia e tranquilidade no processo de aquisi\u00e7\u00e3o.<br \/>\n<\/div>\n\t\t\t\n\t\t\t\n\t\t<\/div>\n\t\t\n\t\t\n\t\t<div id=\"wd-690a7fb3bc44c\" class=\"title-wrapper wd-wpb wd-set-mb reset-last-child  wd-rs-690a7fb3bc44c wd-title-color-black wd-title-style-underlined text-center wd-off-anim wpb_animate_when_almost_visible wpb_fadeInLeft fadeInLeft wd-anim-name_fadeInLeft  wd-underline-colored\">\n\t\t\t\n\t\t\t<div class=\"liner-continer\">\n\t\t\t\t<h4 class=\"woodmart-title-container title  wd-font-weight-700 wd-fontsize-xxxl\" >Nossa Vis\u00e3o<\/h4>\n\t\t\t\t\t\t\t<\/div>\n\t\t\t\n\t\t\t\t\t\t\t<div class=\"title-after_title reset-last-child  wd-fontsize-s\">A nossa vis\u00e3o \u00e9 tornar-nos a refer\u00eancia global na disponibiliza\u00e7\u00e3o de materiais essenciais em todo o territ\u00f3rio angolano, estabelecendo um padr\u00e3o de excel\u00eancia, confian\u00e7a e efici\u00eancia no setor.<\/p>\n<p>Queremos ser reconhecidos n\u00e3o apenas pela qualidade dos produtos que fornecemos, mas tamb\u00e9m pela capacidade de transformar desafios em solu\u00e7\u00f5es, contribuindo para o crescimento sustent\u00e1vel da ind\u00fastria em Angola.<br \/>\n<\/div>\n\t\t\t\n\t\t\t\n\t\t<\/div>\n\t\t\n\t\t<\/div><\/div><\/div><\/div>\n<\/div>","protected":false},"excerpt":{"rendered":"Founded in 2020, our company quickly established itself as one of the leading references in the Angolan market, standing out","protected":false},"author":1,"featured_media":0,"parent":0,"menu_order":0,"comment_status":"closed","ping_status":"closed","template":"","meta":{"footnotes":""},"class_list":["post-5212","page","type-page","status-publish","hentry"],"_links":{"self":[{"href":"https:\/\/alvobens.com\/pt\/wp-json\/wp\/v2\/pages\/5212","targetHints":{"allow":["GET"]}}],"collection":[{"href":"https:\/\/alvobens.com\/pt\/wp-json\/wp\/v2\/pages"}],"about":[{"href":"https:\/\/alvobens.com\/pt\/wp-json\/wp\/v2\/types\/page"}],"author":[{"embeddable":true,"href":"https:\/\/alvobens.com\/pt\/wp-json\/wp\/v2\/users\/1"}],"replies":[{"embeddable":true,"href":"https:\/\/alvobens.com\/pt\/wp-json\/wp\/v2\/comments?post=5212"}],"version-history":[{"count":78,"href":"https:\/\/alvobens.com\/pt\/wp-json\/wp\/v2\/pages\/5212\/revisions"}],"predecessor-version":[{"id":31087,"href":"https:\/\/alvobens.com\/pt\/wp-json\/wp\/v2\/pages\/5212\/revisions\/31087"}],"wp:attachment":[{"href":"https:\/\/alvobens.com\/pt\/wp-json\/wp\/v2\/media?parent=5212"}],"curies":[{"name":"wp","href":"https:\/\/api.w.org\/{rel}","templated":true}]}}