{"id":29961,"date":"2025-09-22T20:56:48","date_gmt":"2025-09-22T20:56:48","guid":{"rendered":"https:\/\/alvobens.com\/?post_type=product&#038;p=29961"},"modified":"2025-09-22T20:56:48","modified_gmt":"2025-09-22T20:56:48","slug":"neucedry-acelerador-de-hidrofobicidade-e-secagem","status":"publish","type":"product","link":"https:\/\/alvobens.com\/pt\/produto\/neucedry-acelerador-de-hidrofobicidade-e-secagem\/","title":{"rendered":"NEUCEDRY  Acelerador de Hidrofobicidade e Secagem"},"content":{"rendered":"<p>O NEUCEDRY \u00e9 um aditivo acelerador de hidrofobicidade e secagem, especialmente desenvolvido para adicionar aos revestimentos decorativos NEUCEDECOR (FT 26.01) em situa\u00e7\u00f5es de aplica\u00e7\u00e3o com condi\u00e7\u00f5es atmosf\u00e9ricas adversas.<\/p>\n<ul>\n<li>Melhora a resist\u00eancia \u00e0 \u00e1gua nas fases iniciais de secagem<\/li>\n<li>Melhora a resist\u00eancia \u00e0 chuva precoce<\/li>\n<li>Agente hidrofugante<\/li>\n<\/ul>","protected":false},"excerpt":{"rendered":"<p>O NEUCEDRY \u00e9 um aditivo acelerador de hidrofobicidade e secagem, especialmente desenvolvido para adicionar aos revestimentos decorativos NEUCEDECOR (FT 26.01)<\/p>","protected":false},"featured_media":29962,"comment_status":"open","ping_status":"closed","template":"","meta":[],"product_brand":[186],"product_cat":[236],"product_tag":[242],"class_list":{"0":"post-29961","1":"product","2":"type-product","3":"status-publish","4":"has-post-thumbnail","6":"product_brand-neuce","7":"product_cat-etics-technical-mortars","8":"product_tag-etics-technical-mortars","10":"first","11":"instock","12":"shipping-taxable","13":"product-type-simple"},"_links":{"self":[{"href":"https:\/\/alvobens.com\/pt\/wp-json\/wp\/v2\/product\/29961","targetHints":{"allow":["GET"]}}],"collection":[{"href":"https:\/\/alvobens.com\/pt\/wp-json\/wp\/v2\/product"}],"about":[{"href":"https:\/\/alvobens.com\/pt\/wp-json\/wp\/v2\/types\/product"}],"replies":[{"embeddable":true,"href":"https:\/\/alvobens.com\/pt\/wp-json\/wp\/v2\/comments?post=29961"}],"wp:featuredmedia":[{"embeddable":true,"href":"https:\/\/alvobens.com\/pt\/wp-json\/wp\/v2\/media\/29962"}],"wp:attachment":[{"href":"https:\/\/alvobens.com\/pt\/wp-json\/wp\/v2\/media?parent=29961"}],"wp:term":[{"taxonomy":"product_brand","embeddable":true,"href":"https:\/\/alvobens.com\/pt\/wp-json\/wp\/v2\/product_brand?post=29961"},{"taxonomy":"product_cat","embeddable":true,"href":"https:\/\/alvobens.com\/pt\/wp-json\/wp\/v2\/product_cat?post=29961"},{"taxonomy":"product_tag","embeddable":true,"href":"https:\/\/alvobens.com\/pt\/wp-json\/wp\/v2\/product_tag?post=29961"}],"curies":[{"name":"wp","href":"https:\/\/api.w.org\/{rel}","templated":true}]}}