{"id":30060,"date":"2025-09-26T19:26:28","date_gmt":"2025-09-26T19:26:28","guid":{"rendered":"https:\/\/alvobens.com\/?post_type=product&#038;p=30060"},"modified":"2025-09-26T19:26:28","modified_gmt":"2025-09-26T19:26:28","slug":"cilindro","status":"publish","type":"product","link":"https:\/\/alvobens.com\/pt\/produto\/cilindro\/","title":{"rendered":"Cilindro"},"content":{"rendered":"","protected":false},"excerpt":{"rendered":"<p>Soluciones industriales con cilindros hidr\u00e1ulicos para todas las aplicaciones. Nuestros cilindros hidr\u00e1ulicos industriales se han dise\u00f1ado para su uso en las condiciones m\u00e1s dif\u00edciles. El desarrollo de soluciones en colaboraci\u00f3n con nuestros clientes nos permite un desarrollo y ampliaci\u00f3n continuos de nuestra oferta de cilindros hidr\u00e1ulicos seg\u00fan los est\u00e1ndares de seguridad a nivel mundial para cualquier entorno en el que trabaje. Rexroth ha hecho m\u00e1s potente la hidr\u00e1ulica, Desde cilindros redondos hasta cilindros con tirantes: tenemos los cilindros hidr\u00e1ulicos perfectos para que realice unas elevaciones seguras y fiables. Esto permite soluciones m\u00e1s inteligentes, fiables y rentables con una vida \u00fatil m\u00e1s prolongada y componentes inteligentes.<\/p>","protected":false},"featured_media":30062,"comment_status":"open","ping_status":"closed","template":"","meta":[],"product_brand":[],"product_cat":[192],"product_tag":[249],"class_list":{"0":"post-30060","1":"product","2":"type-product","3":"status-publish","4":"has-post-thumbnail","6":"product_cat-lifting-hydraulic-systems","7":"product_tag-lifting-hydraulic-systems","9":"first","10":"instock","11":"shipping-taxable","12":"product-type-simple"},"_links":{"self":[{"href":"https:\/\/alvobens.com\/pt\/wp-json\/wp\/v2\/product\/30060","targetHints":{"allow":["GET"]}}],"collection":[{"href":"https:\/\/alvobens.com\/pt\/wp-json\/wp\/v2\/product"}],"about":[{"href":"https:\/\/alvobens.com\/pt\/wp-json\/wp\/v2\/types\/product"}],"replies":[{"embeddable":true,"href":"https:\/\/alvobens.com\/pt\/wp-json\/wp\/v2\/comments?post=30060"}],"wp:featuredmedia":[{"embeddable":true,"href":"https:\/\/alvobens.com\/pt\/wp-json\/wp\/v2\/media\/30062"}],"wp:attachment":[{"href":"https:\/\/alvobens.com\/pt\/wp-json\/wp\/v2\/media?parent=30060"}],"wp:term":[{"taxonomy":"product_brand","embeddable":true,"href":"https:\/\/alvobens.com\/pt\/wp-json\/wp\/v2\/product_brand?post=30060"},{"taxonomy":"product_cat","embeddable":true,"href":"https:\/\/alvobens.com\/pt\/wp-json\/wp\/v2\/product_cat?post=30060"},{"taxonomy":"product_tag","embeddable":true,"href":"https:\/\/alvobens.com\/pt\/wp-json\/wp\/v2\/product_tag?post=30060"}],"curies":[{"name":"wp","href":"https:\/\/api.w.org\/{rel}","templated":true}]}}