{"id":30080,"date":"2025-09-26T19:50:17","date_gmt":"2025-09-26T19:50:17","guid":{"rendered":"https:\/\/alvobens.com\/?post_type=product&#038;p=30080"},"modified":"2025-09-26T19:50:17","modified_gmt":"2025-09-26T19:50:17","slug":"blocos","status":"publish","type":"product","link":"https:\/\/alvobens.com\/pt\/produto\/blocos\/","title":{"rendered":"Blocos"},"content":{"rendered":"","protected":false},"excerpt":{"rendered":"<p>\u2022 Placas base;<br \/>\n\u2022 Blocos base multiv\u00e1lvula com e sem V\u00e1lvula limitadora de press\u00e3o incorporada;<br \/>\n\u2022 Tampas cegas;<br \/>\n\u2022 Blocos feitos \u00e0 medida para incorpora\u00e7\u00e3o de v\u00e1lvulas;<\/p>","protected":false},"featured_media":30081,"comment_status":"open","ping_status":"closed","template":"","meta":[],"product_brand":[],"product_cat":[192],"product_tag":[249],"class_list":{"0":"post-30080","1":"product","2":"type-product","3":"status-publish","4":"has-post-thumbnail","6":"product_cat-lifting-hydraulic-systems","7":"product_tag-lifting-hydraulic-systems","9":"first","10":"instock","11":"shipping-taxable","12":"product-type-simple"},"_links":{"self":[{"href":"https:\/\/alvobens.com\/pt\/wp-json\/wp\/v2\/product\/30080","targetHints":{"allow":["GET"]}}],"collection":[{"href":"https:\/\/alvobens.com\/pt\/wp-json\/wp\/v2\/product"}],"about":[{"href":"https:\/\/alvobens.com\/pt\/wp-json\/wp\/v2\/types\/product"}],"replies":[{"embeddable":true,"href":"https:\/\/alvobens.com\/pt\/wp-json\/wp\/v2\/comments?post=30080"}],"wp:featuredmedia":[{"embeddable":true,"href":"https:\/\/alvobens.com\/pt\/wp-json\/wp\/v2\/media\/30081"}],"wp:attachment":[{"href":"https:\/\/alvobens.com\/pt\/wp-json\/wp\/v2\/media?parent=30080"}],"wp:term":[{"taxonomy":"product_brand","embeddable":true,"href":"https:\/\/alvobens.com\/pt\/wp-json\/wp\/v2\/product_brand?post=30080"},{"taxonomy":"product_cat","embeddable":true,"href":"https:\/\/alvobens.com\/pt\/wp-json\/wp\/v2\/product_cat?post=30080"},{"taxonomy":"product_tag","embeddable":true,"href":"https:\/\/alvobens.com\/pt\/wp-json\/wp\/v2\/product_tag?post=30080"}],"curies":[{"name":"wp","href":"https:\/\/api.w.org\/{rel}","templated":true}]}}