{"id":30086,"date":"2025-09-26T19:53:22","date_gmt":"2025-09-26T19:53:22","guid":{"rendered":"https:\/\/alvobens.com\/?post_type=product&#038;p=30086"},"modified":"2025-09-26T19:53:22","modified_gmt":"2025-09-26T19:53:22","slug":"acumulador","status":"publish","type":"product","link":"https:\/\/alvobens.com\/pt\/produto\/acumulador\/","title":{"rendered":"Acumulador"},"content":{"rendered":"","protected":false},"excerpt":{"rendered":"<p>En los movimientos cil\u00edndricos, los acumuladores hidr\u00e1ulicos pueden reducir la potencia instalada y, por tanto, aumentar la eficiencia energ\u00e9tica. Nuestro portfolio bien estructurado de acumuladores a membrana y vejiga cumple los requisitos de los sistemas de todos los tama\u00f1os y todas las aplicaciones. Convencen gracias a su prolongada vida \u00fatil y sus detalles sofisticados.<\/p>","protected":false},"featured_media":30088,"comment_status":"open","ping_status":"closed","template":"","meta":[],"product_brand":[],"product_cat":[192],"product_tag":[249],"class_list":{"0":"post-30086","1":"product","2":"type-product","3":"status-publish","4":"has-post-thumbnail","6":"product_cat-lifting-hydraulic-systems","7":"product_tag-lifting-hydraulic-systems","9":"first","10":"instock","11":"shipping-taxable","12":"product-type-simple"},"_links":{"self":[{"href":"https:\/\/alvobens.com\/pt\/wp-json\/wp\/v2\/product\/30086","targetHints":{"allow":["GET"]}}],"collection":[{"href":"https:\/\/alvobens.com\/pt\/wp-json\/wp\/v2\/product"}],"about":[{"href":"https:\/\/alvobens.com\/pt\/wp-json\/wp\/v2\/types\/product"}],"replies":[{"embeddable":true,"href":"https:\/\/alvobens.com\/pt\/wp-json\/wp\/v2\/comments?post=30086"}],"wp:featuredmedia":[{"embeddable":true,"href":"https:\/\/alvobens.com\/pt\/wp-json\/wp\/v2\/media\/30088"}],"wp:attachment":[{"href":"https:\/\/alvobens.com\/pt\/wp-json\/wp\/v2\/media?parent=30086"}],"wp:term":[{"taxonomy":"product_brand","embeddable":true,"href":"https:\/\/alvobens.com\/pt\/wp-json\/wp\/v2\/product_brand?post=30086"},{"taxonomy":"product_cat","embeddable":true,"href":"https:\/\/alvobens.com\/pt\/wp-json\/wp\/v2\/product_cat?post=30086"},{"taxonomy":"product_tag","embeddable":true,"href":"https:\/\/alvobens.com\/pt\/wp-json\/wp\/v2\/product_tag?post=30086"}],"curies":[{"name":"wp","href":"https:\/\/api.w.org\/{rel}","templated":true}]}}