{"id":30381,"date":"2025-09-27T21:33:19","date_gmt":"2025-09-27T21:33:19","guid":{"rendered":"https:\/\/alvobens.com\/?post_type=product&#038;p=30381"},"modified":"2025-09-27T21:33:19","modified_gmt":"2025-09-27T21:33:19","slug":"plastic-rings-10mm-black","status":"publish","type":"product","link":"https:\/\/alvobens.com\/pt\/produto\/plastic-rings-10mm-black\/","title":{"rendered":"Plastic Rings 10mm Black"},"content":{"rendered":"<div class=\"vtex-render__container-id-product-main\">\n<div class=\"vtex-flex-layout-0-x-flexRow vtex-flex-layout-0-x-flexRow--container vtex-flex-layout-0-x-flexRow--product-main\" aria-label=\"Session Line\">\n<section class=\"vtex-store-components-3-x-container ph3 ph5-m ph2-xl mw9 center\">\n<div class=\"flex mt0 mb0 pt0 pb0    justify-start vtex-flex-layout-0-x-flexRowContent vtex-flex-layout-0-x-flexRowContent--container vtex-flex-layout-0-x-flexRowContent--product-main items-stretch w-100\">\n<div class=\"pr0  vtex-flex-layout-0-x-stretchChildrenWidth   flex\">\n<div class=\"ncrangola-components-1-x-divContainer ncrangola-components-1-x-divContainer--main-desktop\">\n<section class=\"ncrangola-components-1-x-customCollapsable ncrangola-components-1-x-customCollapsable--pdp ncrangola-components-1-x-customCollapsable--active ncrangola-components-1-x-customCollapsable--pdp--active\">\n<div class=\"vtex-styleguide-9-x-jsFocusVisible\">\n<div role=\"region\">\n<div class=\"ncrangola-components-1-x-collapsibleTextDescription\">\n<pre class=\"ncrangola-components-1-x-collapsibleTextDescriptionPre\">As argolas para encadernar s\u00e3o acess\u00f3rios utilizados para unir ou prender folhas de papel ou outros materiais, permitindo a cria\u00e7\u00e3o de livros, fich\u00e1rios, cat\u00e1logos ou arquivos de forma pr\u00e1tica e organizada. Elas s\u00e3o especialmente populares em encaderna\u00e7\u00f5es de documentos, seja para uso profissional ou pessoal, como em relat\u00f3rios, apresenta\u00e7\u00f5es e at\u00e9 em \u00e1lbuns de fotos<\/pre>\n<\/div>\n<\/div>\n<\/div>\n<\/section>\n<section class=\"ncrangola-components-1-x-customCollapsable ncrangola-components-1-x-customCollapsable--pdp\">\n<div class=\"vtex-styleguide-9-x-jsFocusVisible\">\n<div class=\"flex flex-row items-center pointer\" role=\"button\" aria-expanded=\"false\">\n<div class=\"c-action-primary ml3  self-center\"><\/div>\n<\/div>\n<div role=\"region\">\n<table class=\"ncrangola-components-1-x-specificationTable\">\n<thead class=\"ncrangola-components-1-x-specificationTableThead\"><\/thead>\n<tbody class=\"ncrangola-components-1-x-specificationTableTBody\">\n<tr class=\"ncrangola-components-1-x-specificationTableTr\">\n<td class=\"ncrangola-components-1-x-specificationTableTdName\"><\/td>\n<td class=\"ncrangola-components-1-x-specificationTableTd\"><\/td>\n<\/tr>\n<tr class=\"ncrangola-components-1-x-specificationTableTr\">\n<td class=\"ncrangola-components-1-x-specificationTableTdName\"><\/td>\n<td class=\"ncrangola-components-1-x-specificationTableTd\"><\/td>\n<\/tr>\n<tr class=\"ncrangola-components-1-x-specificationTableTr\">\n<td class=\"ncrangola-components-1-x-specificationTableTdName\"><\/td>\n<td class=\"ncrangola-components-1-x-specificationTableTd\"><\/td>\n<\/tr>\n<\/tbody>\n<\/table>\n<\/div>\n<\/div>\n<\/section>\n<\/div>\n<\/div>\n<div class=\"pr0  vtex-flex-layout-0-x-stretchChildrenWidth   flex\">\n<div class=\"ncrangola-components-1-x-divContainer ncrangola-components-1-x-divContainer--share\">\n<div class=\"vtex-store-components-3-x-shareContainer db\">\n<div class=\"vtex-store-components-3-x-shareButtons flex flex-row\"><\/div>\n<\/div>\n<div class=\"vtex-wish-list-1-x-wishlistIconContainer\">\n<div class=\"vtex-button__label flex items-center justify-center h-100 ph6\"><\/div>\n<\/div>\n<div class=\"ncrangola-components-1-x-customShare\">\n<div class=\"vtex-button__label flex items-center justify-center h-100 ph6\"><\/div>\n<\/div>\n<\/div>\n<\/div>\n<\/div>\n<\/section>\n<\/div>\n<\/div>\n<div class=\"vtex-render__container-id-product-main\"><\/div>\n<div class=\"vtex-render__container-id-product-main\"><\/div>\n<div class=\"\"><\/div>\n<div class=\"vtex-render__container-id-buy-together\">\n<div class=\"vtex-flex-layout-0-x-flexRow vtex-flex-layout-0-x-flexRow--container vtex-flex-layout-0-x-flexRow--buy-together\" aria-label=\"Session Line\">\n<section class=\"vtex-store-components-3-x-container ph3 ph5-m ph2-xl mw9 center\">\n<div class=\"flex mt0 mb0 pt0 pb0    justify-start vtex-flex-layout-0-x-flexRowContent vtex-flex-layout-0-x-flexRowContent--container vtex-flex-layout-0-x-flexRowContent--buy-together items-stretch w-100\">\n<div class=\"pr0 items-stretch vtex-flex-layout-0-x-stretchChildrenWidth   flex\"><\/div>\n<\/div>\n<\/section>\n<\/div>\n<\/div>\n<div class=\"vtex-render__container-id-reviews\">\n<div class=\"vtex-flex-layout-0-x-flexRow vtex-flex-layout-0-x-flexRow--container vtex-flex-layout-0-x-flexRow--reviews\" aria-label=\"Session Line\">\n<section class=\"vtex-store-components-3-x-container ph3 ph5-m ph2-xl mw9 center\">\n<div class=\"flex mt0 mb0 pt0 pb0    justify-start vtex-flex-layout-0-x-flexRowContent vtex-flex-layout-0-x-flexRowContent--container vtex-flex-layout-0-x-flexRowContent--reviews items-stretch w-100\">\n<div class=\"pr0 items-stretch vtex-flex-layout-0-x-stretchChildrenWidth   flex\"><\/div>\n<\/div>\n<\/section>\n<\/div>\n<\/div>","protected":false},"excerpt":{"rendered":"<p>As argolas para encadernar s\u00e3o acess\u00f3rios utilizados para unir ou prender folhas de papel ou outros materiais, permitindo a cria\u00e7\u00e3o<\/p>","protected":false},"featured_media":30384,"comment_status":"open","ping_status":"closed","template":"","meta":[],"product_brand":[],"product_cat":[197],"product_tag":[257],"class_list":{"0":"post-30381","1":"product","2":"type-product","3":"status-publish","4":"has-post-thumbnail","6":"product_cat-office-tools-furniture","7":"product_tag-office-tools-furniture","9":"first","10":"instock","11":"shipping-taxable","12":"product-type-simple"},"_links":{"self":[{"href":"https:\/\/alvobens.com\/pt\/wp-json\/wp\/v2\/product\/30381","targetHints":{"allow":["GET"]}}],"collection":[{"href":"https:\/\/alvobens.com\/pt\/wp-json\/wp\/v2\/product"}],"about":[{"href":"https:\/\/alvobens.com\/pt\/wp-json\/wp\/v2\/types\/product"}],"replies":[{"embeddable":true,"href":"https:\/\/alvobens.com\/pt\/wp-json\/wp\/v2\/comments?post=30381"}],"wp:featuredmedia":[{"embeddable":true,"href":"https:\/\/alvobens.com\/pt\/wp-json\/wp\/v2\/media\/30384"}],"wp:attachment":[{"href":"https:\/\/alvobens.com\/pt\/wp-json\/wp\/v2\/media?parent=30381"}],"wp:term":[{"taxonomy":"product_brand","embeddable":true,"href":"https:\/\/alvobens.com\/pt\/wp-json\/wp\/v2\/product_brand?post=30381"},{"taxonomy":"product_cat","embeddable":true,"href":"https:\/\/alvobens.com\/pt\/wp-json\/wp\/v2\/product_cat?post=30381"},{"taxonomy":"product_tag","embeddable":true,"href":"https:\/\/alvobens.com\/pt\/wp-json\/wp\/v2\/product_tag?post=30381"}],"curies":[{"name":"wp","href":"https:\/\/api.w.org\/{rel}","templated":true}]}}