{"id":30389,"date":"2025-09-27T21:40:24","date_gmt":"2025-09-27T21:40:24","guid":{"rendered":"https:\/\/alvobens.com\/?post_type=product&#038;p=30389"},"modified":"2025-09-27T21:40:24","modified_gmt":"2025-09-27T21:40:24","slug":"porta-chaves-preto-1-100","status":"publish","type":"product","link":"https:\/\/alvobens.com\/pt\/produto\/porta-chaves-preto-1-100\/","title":{"rendered":"Porta Chaves Preto (1\/100)"},"content":{"rendered":"<div class=\"vtex-render__container-id-product-main\">\n<div class=\"vtex-flex-layout-0-x-flexRow vtex-flex-layout-0-x-flexRow--container vtex-flex-layout-0-x-flexRow--product-main\" aria-label=\"Linha de sess\u00e3o\">\n<section class=\"vtex-store-components-3-x-container ph3 ph5-m ph2-xl mw9 center\">\n<div class=\"flex mt0 mb0 pt0 pb0    justify-start vtex-flex-layout-0-x-flexRowContent vtex-flex-layout-0-x-flexRowContent--container vtex-flex-layout-0-x-flexRowContent--product-main items-stretch w-100\">\n<div class=\"pr0  vtex-flex-layout-0-x-stretchChildrenWidth   flex\">\n<div class=\"ncrangola-components-1-x-divContainer ncrangola-components-1-x-divContainer--main-desktop\">\n<section class=\"ncrangola-components-1-x-customCollapsable ncrangola-components-1-x-customCollapsable--pdp ncrangola-components-1-x-customCollapsable--active ncrangola-components-1-x-customCollapsable--pdp--active\">\n<div class=\"vtex-styleguide-9-x-jsFocusVisible\">\n<div role=\"region\">\n<div class=\"ncrangola-components-1-x-collapsibleTextDescription\">\n<pre class=\"ncrangola-components-1-x-collapsibleTextDescriptionPre\">O Porta-Chaves Q-Connect Preto \u00e9 um acess\u00f3rio pr\u00e1tico e funcional para organiza\u00e7\u00e3o e identifica\u00e7\u00e3o de chaves. Feito de material resistente, possui um design compacto e discreto na cor preta, ideal para uso em escrit\u00f3rios, resid\u00eancias ou empresas. A embalagem cont\u00e9m 1 unidade e o produto \u00e9 comercializado em caixas com 100 unidades. Perfeito para manter suas chaves seguras e facilmente identific\u00e1veis<\/pre>\n<\/div>\n<\/div>\n<\/div>\n<\/section>\n<section class=\"ncrangola-components-1-x-customCollapsable ncrangola-components-1-x-customCollapsable--pdp\">\n<div class=\"vtex-styleguide-9-x-jsFocusVisible\">\n<div class=\"flex flex-row items-center pointer\" role=\"button\" aria-expanded=\"false\">\n<div class=\"c-action-primary ml3  self-center\"><\/div>\n<\/div>\n<div role=\"region\">\n<table class=\"ncrangola-components-1-x-specificationTable\">\n<thead class=\"ncrangola-components-1-x-specificationTableThead\"><\/thead>\n<tbody class=\"ncrangola-components-1-x-specificationTableTBody\">\n<tr class=\"ncrangola-components-1-x-specificationTableTr\">\n<td class=\"ncrangola-components-1-x-specificationTableTdName\"><\/td>\n<td class=\"ncrangola-components-1-x-specificationTableTd\"><\/td>\n<\/tr>\n<tr class=\"ncrangola-components-1-x-specificationTableTr\">\n<td class=\"ncrangola-components-1-x-specificationTableTdName\"><\/td>\n<td class=\"ncrangola-components-1-x-specificationTableTd\"><\/td>\n<\/tr>\n<\/tbody>\n<\/table>\n<\/div>\n<\/div>\n<\/section>\n<\/div>\n<\/div>\n<div class=\"pr0  vtex-flex-layout-0-x-stretchChildrenWidth   flex\">\n<div class=\"ncrangola-components-1-x-divContainer ncrangola-components-1-x-divContainer--share\">\n<div class=\"vtex-store-components-3-x-shareContainer db\">\n<div class=\"vtex-store-components-3-x-shareButtons flex flex-row\"><\/div>\n<\/div>\n<div class=\"vtex-wish-list-1-x-wishlistIconContainer\">\n<div class=\"vtex-button__label flex items-center justify-center h-100 ph6\"><\/div>\n<\/div>\n<div class=\"ncrangola-components-1-x-customShare\">\n<div class=\"vtex-button__label flex items-center justify-center h-100 ph6\"><\/div>\n<\/div>\n<\/div>\n<\/div>\n<\/div>\n<\/section>\n<\/div>\n<\/div>\n<div class=\"vtex-render__container-id-product-main\"><\/div>\n<div class=\"vtex-render__container-id-product-main\"><\/div>\n<div class=\"\"><\/div>\n<div class=\"vtex-render__container-id-buy-together\">\n<div class=\"vtex-flex-layout-0-x-flexRow vtex-flex-layout-0-x-flexRow--container vtex-flex-layout-0-x-flexRow--buy-together\" aria-label=\"Linha de sess\u00e3o\">\n<section class=\"vtex-store-components-3-x-container ph3 ph5-m ph2-xl mw9 center\">\n<div class=\"flex mt0 mb0 pt0 pb0    justify-start vtex-flex-layout-0-x-flexRowContent vtex-flex-layout-0-x-flexRowContent--container vtex-flex-layout-0-x-flexRowContent--buy-together items-stretch w-100\">\n<div class=\"pr0 items-stretch vtex-flex-layout-0-x-stretchChildrenWidth   flex\"><\/div>\n<\/div>\n<\/section>\n<\/div>\n<\/div>\n<div class=\"vtex-render__container-id-reviews\">\n<div class=\"vtex-flex-layout-0-x-flexRow vtex-flex-layout-0-x-flexRow--container vtex-flex-layout-0-x-flexRow--reviews\" aria-label=\"Linha de sess\u00e3o\">\n<section class=\"vtex-store-components-3-x-container ph3 ph5-m ph2-xl mw9 center\">\n<div class=\"flex mt0 mb0 pt0 pb0    justify-start vtex-flex-layout-0-x-flexRowContent vtex-flex-layout-0-x-flexRowContent--container vtex-flex-layout-0-x-flexRowContent--reviews items-stretch w-100\">\n<div class=\"pr0 items-stretch vtex-flex-layout-0-x-stretchChildrenWidth   flex\"><\/div>\n<\/div>\n<\/section>\n<\/div>\n<\/div>","protected":false},"excerpt":{"rendered":"<p>O Porta-Chaves Q-Connect Preto \u00e9 um acess\u00f3rio pr\u00e1tico e funcional para organiza\u00e7\u00e3o e identifica\u00e7\u00e3o de chaves. Feito de material resistente,<\/p>","protected":false},"featured_media":30392,"comment_status":"open","ping_status":"closed","template":"","meta":[],"product_brand":[],"product_cat":[197],"product_tag":[257],"class_list":{"0":"post-30389","1":"product","2":"type-product","3":"status-publish","4":"has-post-thumbnail","6":"product_cat-office-tools-furniture","7":"product_tag-office-tools-furniture","9":"first","10":"instock","11":"shipping-taxable","12":"product-type-simple"},"_links":{"self":[{"href":"https:\/\/alvobens.com\/pt\/wp-json\/wp\/v2\/product\/30389","targetHints":{"allow":["GET"]}}],"collection":[{"href":"https:\/\/alvobens.com\/pt\/wp-json\/wp\/v2\/product"}],"about":[{"href":"https:\/\/alvobens.com\/pt\/wp-json\/wp\/v2\/types\/product"}],"replies":[{"embeddable":true,"href":"https:\/\/alvobens.com\/pt\/wp-json\/wp\/v2\/comments?post=30389"}],"wp:featuredmedia":[{"embeddable":true,"href":"https:\/\/alvobens.com\/pt\/wp-json\/wp\/v2\/media\/30392"}],"wp:attachment":[{"href":"https:\/\/alvobens.com\/pt\/wp-json\/wp\/v2\/media?parent=30389"}],"wp:term":[{"taxonomy":"product_brand","embeddable":true,"href":"https:\/\/alvobens.com\/pt\/wp-json\/wp\/v2\/product_brand?post=30389"},{"taxonomy":"product_cat","embeddable":true,"href":"https:\/\/alvobens.com\/pt\/wp-json\/wp\/v2\/product_cat?post=30389"},{"taxonomy":"product_tag","embeddable":true,"href":"https:\/\/alvobens.com\/pt\/wp-json\/wp\/v2\/product_tag?post=30389"}],"curies":[{"name":"wp","href":"https:\/\/api.w.org\/{rel}","templated":true}]}}