{"id":30410,"date":"2025-09-27T21:53:18","date_gmt":"2025-09-27T21:53:18","guid":{"rendered":"https:\/\/alvobens.com\/?post_type=product&#038;p=30410"},"modified":"2025-09-27T21:53:18","modified_gmt":"2025-09-27T21:53:18","slug":"32mm-springs-for-papers","status":"publish","type":"product","link":"https:\/\/alvobens.com\/pt\/produto\/32mm-springs-for-papers\/","title":{"rendered":"32mm Springs for Papers"},"content":{"rendered":"<pre class=\"ncrangola-components-1-x-collapsibleTextDescriptionPre\">As molas para pap\u00e9is s\u00e3o dispositivos usados para organizar e manter v\u00e1rios documentos ou folhas de papel unidas, evitando que se espalhem ou desorganizem. Elas s\u00e3o amplamente usadas em escrit\u00f3rios, escolas e outros ambientes administrativos. As molas s\u00e3o uma alternativa pr\u00e1tica ao uso de grampos ou agrafos, oferecendo a possibilidade de adicionar ou remover folhas com facilidade.<\/pre>","protected":false},"excerpt":{"rendered":"<p>As molas para pap\u00e9is s\u00e3o dispositivos usados para organizar e manter v\u00e1rios documentos ou folhas de papel unidas, evitando que<\/p>","protected":false},"featured_media":30412,"comment_status":"open","ping_status":"closed","template":"","meta":[],"product_brand":[],"product_cat":[197],"product_tag":[257],"class_list":{"0":"post-30410","1":"product","2":"type-product","3":"status-publish","4":"has-post-thumbnail","6":"product_cat-office-tools-furniture","7":"product_tag-office-tools-furniture","9":"first","10":"instock","11":"shipping-taxable","12":"product-type-simple"},"_links":{"self":[{"href":"https:\/\/alvobens.com\/pt\/wp-json\/wp\/v2\/product\/30410","targetHints":{"allow":["GET"]}}],"collection":[{"href":"https:\/\/alvobens.com\/pt\/wp-json\/wp\/v2\/product"}],"about":[{"href":"https:\/\/alvobens.com\/pt\/wp-json\/wp\/v2\/types\/product"}],"replies":[{"embeddable":true,"href":"https:\/\/alvobens.com\/pt\/wp-json\/wp\/v2\/comments?post=30410"}],"wp:featuredmedia":[{"embeddable":true,"href":"https:\/\/alvobens.com\/pt\/wp-json\/wp\/v2\/media\/30412"}],"wp:attachment":[{"href":"https:\/\/alvobens.com\/pt\/wp-json\/wp\/v2\/media?parent=30410"}],"wp:term":[{"taxonomy":"product_brand","embeddable":true,"href":"https:\/\/alvobens.com\/pt\/wp-json\/wp\/v2\/product_brand?post=30410"},{"taxonomy":"product_cat","embeddable":true,"href":"https:\/\/alvobens.com\/pt\/wp-json\/wp\/v2\/product_cat?post=30410"},{"taxonomy":"product_tag","embeddable":true,"href":"https:\/\/alvobens.com\/pt\/wp-json\/wp\/v2\/product_tag?post=30410"}],"curies":[{"name":"wp","href":"https:\/\/api.w.org\/{rel}","templated":true}]}}