{"id":30424,"date":"2025-09-27T22:12:51","date_gmt":"2025-09-27T22:12:51","guid":{"rendered":"https:\/\/alvobens.com\/?post_type=product&#038;p=30424"},"modified":"2025-09-27T22:12:51","modified_gmt":"2025-09-27T22:12:51","slug":"agrafes-n10-cx1000","status":"publish","type":"product","link":"https:\/\/alvobens.com\/pt\/produto\/agrafes-n10-cx1000\/","title":{"rendered":"Agrafes N10 CX1000"},"content":{"rendered":"<p>&nbsp;<\/p>\n<pre class=\"ncrangola-components-1-x-collapsibleTextDescriptionPre\">As Agrafes Novus N10 s\u00e3o ideais para trabalhos de escrit\u00f3rio, escola e uso dom\u00e9stico. Produzidas com material de alta qualidade, garantem resist\u00eancia e precis\u00e3o na fixa\u00e7\u00e3o dos documentos. A caixa cont\u00e9m 1000 unidades, oferecendo excelente rendimento e economia para o dia a dia. Compat\u00edveis com diversos modelos de agrafadores, estas agrafes asseguram praticidade e efici\u00eancia em cada utiliza\u00e7\u00e3o.<\/pre>","protected":false},"excerpt":{"rendered":"<p>&nbsp; As Agrafes Novus N10 s\u00e3o ideais para trabalhos de escrit\u00f3rio, escola e uso dom\u00e9stico. Produzidas com material de alta<\/p>","protected":false},"featured_media":30426,"comment_status":"open","ping_status":"closed","template":"","meta":[],"product_brand":[],"product_cat":[197],"product_tag":[257],"class_list":{"0":"post-30424","1":"product","2":"type-product","3":"status-publish","4":"has-post-thumbnail","6":"product_cat-office-tools-furniture","7":"product_tag-office-tools-furniture","9":"first","10":"instock","11":"shipping-taxable","12":"product-type-simple"},"_links":{"self":[{"href":"https:\/\/alvobens.com\/pt\/wp-json\/wp\/v2\/product\/30424","targetHints":{"allow":["GET"]}}],"collection":[{"href":"https:\/\/alvobens.com\/pt\/wp-json\/wp\/v2\/product"}],"about":[{"href":"https:\/\/alvobens.com\/pt\/wp-json\/wp\/v2\/types\/product"}],"replies":[{"embeddable":true,"href":"https:\/\/alvobens.com\/pt\/wp-json\/wp\/v2\/comments?post=30424"}],"wp:featuredmedia":[{"embeddable":true,"href":"https:\/\/alvobens.com\/pt\/wp-json\/wp\/v2\/media\/30426"}],"wp:attachment":[{"href":"https:\/\/alvobens.com\/pt\/wp-json\/wp\/v2\/media?parent=30424"}],"wp:term":[{"taxonomy":"product_brand","embeddable":true,"href":"https:\/\/alvobens.com\/pt\/wp-json\/wp\/v2\/product_brand?post=30424"},{"taxonomy":"product_cat","embeddable":true,"href":"https:\/\/alvobens.com\/pt\/wp-json\/wp\/v2\/product_cat?post=30424"},{"taxonomy":"product_tag","embeddable":true,"href":"https:\/\/alvobens.com\/pt\/wp-json\/wp\/v2\/product_tag?post=30424"}],"curies":[{"name":"wp","href":"https:\/\/api.w.org\/{rel}","templated":true}]}}