{"id":30438,"date":"2025-09-27T22:18:20","date_gmt":"2025-09-27T22:18:20","guid":{"rendered":"https:\/\/alvobens.com\/?post_type=product&#038;p=30438"},"modified":"2025-09-27T22:18:20","modified_gmt":"2025-09-27T22:18:20","slug":"fita-cola-com-desenrolador-10x12","status":"publish","type":"product","link":"https:\/\/alvobens.com\/pt\/produto\/fita-cola-com-desenrolador-10x12\/","title":{"rendered":"Fita Cola Com Desenrolador 10&#215;12"},"content":{"rendered":"<pre class=\"ncrangola-components-1-x-collapsibleTextDescriptionPre\">A Fita Cola MAB com Desenrolador 10x12 \u00e9 pr\u00e1tica e vers\u00e1til, ideal para uso di\u00e1rio em casa, na escola ou no escrit\u00f3rio. Com medidas de 10 mm de largura por 12 m de comprimento, oferece boa durabilidade e ader\u00eancia para colagens r\u00e1pidas e seguras em papel, pl\u00e1stico leve e outros materiais do dia a dia.<\/pre>","protected":false},"excerpt":{"rendered":"<p>A Fita Cola MAB com Desenrolador 10&#215;12 \u00e9 pr\u00e1tica e vers\u00e1til, ideal para uso di\u00e1rio em casa, na escola ou<\/p>","protected":false},"featured_media":30440,"comment_status":"open","ping_status":"closed","template":"","meta":[],"product_brand":[],"product_cat":[197],"product_tag":[257],"class_list":{"0":"post-30438","1":"product","2":"type-product","3":"status-publish","4":"has-post-thumbnail","6":"product_cat-office-tools-furniture","7":"product_tag-office-tools-furniture","9":"first","10":"instock","11":"shipping-taxable","12":"product-type-simple"},"_links":{"self":[{"href":"https:\/\/alvobens.com\/pt\/wp-json\/wp\/v2\/product\/30438","targetHints":{"allow":["GET"]}}],"collection":[{"href":"https:\/\/alvobens.com\/pt\/wp-json\/wp\/v2\/product"}],"about":[{"href":"https:\/\/alvobens.com\/pt\/wp-json\/wp\/v2\/types\/product"}],"replies":[{"embeddable":true,"href":"https:\/\/alvobens.com\/pt\/wp-json\/wp\/v2\/comments?post=30438"}],"wp:featuredmedia":[{"embeddable":true,"href":"https:\/\/alvobens.com\/pt\/wp-json\/wp\/v2\/media\/30440"}],"wp:attachment":[{"href":"https:\/\/alvobens.com\/pt\/wp-json\/wp\/v2\/media?parent=30438"}],"wp:term":[{"taxonomy":"product_brand","embeddable":true,"href":"https:\/\/alvobens.com\/pt\/wp-json\/wp\/v2\/product_brand?post=30438"},{"taxonomy":"product_cat","embeddable":true,"href":"https:\/\/alvobens.com\/pt\/wp-json\/wp\/v2\/product_cat?post=30438"},{"taxonomy":"product_tag","embeddable":true,"href":"https:\/\/alvobens.com\/pt\/wp-json\/wp\/v2\/product_tag?post=30438"}],"curies":[{"name":"wp","href":"https:\/\/api.w.org\/{rel}","templated":true}]}}