{"id":30451,"date":"2025-09-27T22:25:47","date_gmt":"2025-09-27T22:25:47","guid":{"rendered":"https:\/\/alvobens.com\/?post_type=product&#038;p=30451"},"modified":"2025-09-27T22:26:03","modified_gmt":"2025-09-27T22:26:03","slug":"caderno-agrafado-a5-80f-liso-capa-preta-referencia-5601199166772","status":"publish","type":"product","link":"https:\/\/alvobens.com\/pt\/produto\/caderno-agrafado-a5-80f-liso-capa-preta-referencia-5601199166772\/","title":{"rendered":"Caderno Agrafado A5 80F Liso Capa Preta refer\u00eancia: 5601199166772"},"content":{"rendered":"<pre class=\"ncrangola-components-1-x-collapsibleTextDescriptionPre\">O Caderno Agrafado A5 com 80 folhas lisas \u00e9 uma solu\u00e7\u00e3o pr\u00e1tica e funcional para o dia a dia escolar, profissional ou pessoal.<\/pre>","protected":false},"excerpt":{"rendered":"<p>O Caderno Agrafado A5 com 80 folhas lisas \u00e9 uma solu\u00e7\u00e3o pr\u00e1tica e funcional para o dia a dia escolar,<\/p>","protected":false},"featured_media":30452,"comment_status":"open","ping_status":"closed","template":"","meta":[],"product_brand":[],"product_cat":[197],"product_tag":[257],"class_list":{"0":"post-30451","1":"product","2":"type-product","3":"status-publish","4":"has-post-thumbnail","6":"product_cat-office-tools-furniture","7":"product_tag-office-tools-furniture","9":"first","10":"instock","11":"shipping-taxable","12":"product-type-simple"},"_links":{"self":[{"href":"https:\/\/alvobens.com\/pt\/wp-json\/wp\/v2\/product\/30451","targetHints":{"allow":["GET"]}}],"collection":[{"href":"https:\/\/alvobens.com\/pt\/wp-json\/wp\/v2\/product"}],"about":[{"href":"https:\/\/alvobens.com\/pt\/wp-json\/wp\/v2\/types\/product"}],"replies":[{"embeddable":true,"href":"https:\/\/alvobens.com\/pt\/wp-json\/wp\/v2\/comments?post=30451"}],"wp:featuredmedia":[{"embeddable":true,"href":"https:\/\/alvobens.com\/pt\/wp-json\/wp\/v2\/media\/30452"}],"wp:attachment":[{"href":"https:\/\/alvobens.com\/pt\/wp-json\/wp\/v2\/media?parent=30451"}],"wp:term":[{"taxonomy":"product_brand","embeddable":true,"href":"https:\/\/alvobens.com\/pt\/wp-json\/wp\/v2\/product_brand?post=30451"},{"taxonomy":"product_cat","embeddable":true,"href":"https:\/\/alvobens.com\/pt\/wp-json\/wp\/v2\/product_cat?post=30451"},{"taxonomy":"product_tag","embeddable":true,"href":"https:\/\/alvobens.com\/pt\/wp-json\/wp\/v2\/product_tag?post=30451"}],"curies":[{"name":"wp","href":"https:\/\/api.w.org\/{rel}","templated":true}]}}