{"id":30466,"date":"2025-09-27T22:51:44","date_gmt":"2025-09-27T22:51:44","guid":{"rendered":"https:\/\/alvobens.com\/?post_type=product&#038;p=30466"},"modified":"2025-09-27T22:51:44","modified_gmt":"2025-09-27T22:51:44","slug":"bloco-belem-gs-a5-100-folhas-pautado","status":"publish","type":"product","link":"https:\/\/alvobens.com\/pt\/produto\/bloco-belem-gs-a5-100-folhas-pautado\/","title":{"rendered":"Bloco Belem Gs A5 100 Folhas Pautado"},"content":{"rendered":"<pre class=\"ncrangola-components-1-x-collapsibleTextDescriptionPre\">Se voc\u00ea procura um bloco de notas de qualidade, com design cl\u00e1ssico e funcionalidade, o Bloco Bel\u00e9m GS A5 60\/100 FLS Pautado \u00e9 uma excelente escolha. Sua combina\u00e7\u00e3o de formato pr\u00e1tico, papel de boa qualidade e design atrativo o torna ideal para diversas situa\u00e7\u00f5es do dia a dia.\u200b<\/pre>","protected":false},"excerpt":{"rendered":"<p>Se voc\u00ea procura um bloco de notas de qualidade, com design cl\u00e1ssico e funcionalidade, o Bloco Bel\u00e9m GS A5 60\/100<\/p>","protected":false},"featured_media":30467,"comment_status":"open","ping_status":"closed","template":"","meta":[],"product_brand":[],"product_cat":[197],"product_tag":[257],"class_list":{"0":"post-30466","1":"product","2":"type-product","3":"status-publish","4":"has-post-thumbnail","6":"product_cat-office-tools-furniture","7":"product_tag-office-tools-furniture","9":"first","10":"instock","11":"shipping-taxable","12":"product-type-simple"},"_links":{"self":[{"href":"https:\/\/alvobens.com\/pt\/wp-json\/wp\/v2\/product\/30466","targetHints":{"allow":["GET"]}}],"collection":[{"href":"https:\/\/alvobens.com\/pt\/wp-json\/wp\/v2\/product"}],"about":[{"href":"https:\/\/alvobens.com\/pt\/wp-json\/wp\/v2\/types\/product"}],"replies":[{"embeddable":true,"href":"https:\/\/alvobens.com\/pt\/wp-json\/wp\/v2\/comments?post=30466"}],"wp:featuredmedia":[{"embeddable":true,"href":"https:\/\/alvobens.com\/pt\/wp-json\/wp\/v2\/media\/30467"}],"wp:attachment":[{"href":"https:\/\/alvobens.com\/pt\/wp-json\/wp\/v2\/media?parent=30466"}],"wp:term":[{"taxonomy":"product_brand","embeddable":true,"href":"https:\/\/alvobens.com\/pt\/wp-json\/wp\/v2\/product_brand?post=30466"},{"taxonomy":"product_cat","embeddable":true,"href":"https:\/\/alvobens.com\/pt\/wp-json\/wp\/v2\/product_cat?post=30466"},{"taxonomy":"product_tag","embeddable":true,"href":"https:\/\/alvobens.com\/pt\/wp-json\/wp\/v2\/product_tag?post=30466"}],"curies":[{"name":"wp","href":"https:\/\/api.w.org\/{rel}","templated":true}]}}