{"id":30470,"date":"2025-09-27T22:58:13","date_gmt":"2025-09-27T22:58:13","guid":{"rendered":"https:\/\/alvobens.com\/?post_type=product&#038;p=30470"},"modified":"2025-09-27T22:58:13","modified_gmt":"2025-09-27T22:58:13","slug":"almofada-para-carimbo-no2-azul-110x70mm","status":"publish","type":"product","link":"https:\/\/alvobens.com\/pt\/produto\/almofada-para-carimbo-no2-azul-110x70mm\/","title":{"rendered":"Almofada Para Carimbo n\u00ba2 Azul 110x70mm"},"content":{"rendered":"<pre class=\"ncrangola-components-1-x-collapsibleTextDescriptionPre\">A almofada para carimbo \u00e9 um acess\u00f3rio utilizado para aplicar tinta em carimbos, permitindo que o carimbo transfira a tinta para o papel ou outra superf\u00edcie de forma clara e precisa. Ela \u00e9 essencial para a utiliza\u00e7\u00e3o de carimbos em escrit\u00f3rios, escolas e diversos outros ambientes administrativos.<\/pre>","protected":false},"excerpt":{"rendered":"<p>A almofada para carimbo \u00e9 um acess\u00f3rio utilizado para aplicar tinta em carimbos, permitindo que o carimbo transfira a tinta<\/p>","protected":false},"featured_media":30471,"comment_status":"open","ping_status":"closed","template":"","meta":[],"product_brand":[],"product_cat":[197],"product_tag":[257],"class_list":{"0":"post-30470","1":"product","2":"type-product","3":"status-publish","4":"has-post-thumbnail","6":"product_cat-office-tools-furniture","7":"product_tag-office-tools-furniture","9":"first","10":"instock","11":"shipping-taxable","12":"product-type-simple"},"_links":{"self":[{"href":"https:\/\/alvobens.com\/pt\/wp-json\/wp\/v2\/product\/30470","targetHints":{"allow":["GET"]}}],"collection":[{"href":"https:\/\/alvobens.com\/pt\/wp-json\/wp\/v2\/product"}],"about":[{"href":"https:\/\/alvobens.com\/pt\/wp-json\/wp\/v2\/types\/product"}],"replies":[{"embeddable":true,"href":"https:\/\/alvobens.com\/pt\/wp-json\/wp\/v2\/comments?post=30470"}],"wp:featuredmedia":[{"embeddable":true,"href":"https:\/\/alvobens.com\/pt\/wp-json\/wp\/v2\/media\/30471"}],"wp:attachment":[{"href":"https:\/\/alvobens.com\/pt\/wp-json\/wp\/v2\/media?parent=30470"}],"wp:term":[{"taxonomy":"product_brand","embeddable":true,"href":"https:\/\/alvobens.com\/pt\/wp-json\/wp\/v2\/product_brand?post=30470"},{"taxonomy":"product_cat","embeddable":true,"href":"https:\/\/alvobens.com\/pt\/wp-json\/wp\/v2\/product_cat?post=30470"},{"taxonomy":"product_tag","embeddable":true,"href":"https:\/\/alvobens.com\/pt\/wp-json\/wp\/v2\/product_tag?post=30470"}],"curies":[{"name":"wp","href":"https:\/\/api.w.org\/{rel}","templated":true}]}}