{"id":30474,"date":"2025-09-27T23:00:04","date_gmt":"2025-09-27T23:00:04","guid":{"rendered":"https:\/\/alvobens.com\/?post_type=product&#038;p=30474"},"modified":"2025-09-27T23:00:04","modified_gmt":"2025-09-27T23:00:04","slug":"me-piones-push-pin-60-cor-sortidas","status":"publish","type":"product","link":"https:\/\/alvobens.com\/pt\/produto\/me-piones-push-pin-60-cor-sortidas\/","title":{"rendered":"Me Piones Push Pin +\/- 60 Cor Sortidas"},"content":{"rendered":"<pre class=\"ncrangola-components-1-x-collapsibleTextDescriptionPre\">Os Piones MAB Push Pin s\u00e3o ideais para fixa\u00e7\u00e3o de documentos, notas e lembretes em quadros de corti\u00e7a, murais e superf\u00edcies compat\u00edveis. Com um design pr\u00e1tico e colorido, proporcionam uma organiza\u00e7\u00e3o eficiente e visualmente agrad\u00e1vel.<\/pre>","protected":false},"excerpt":{"rendered":"<p>Os Piones MAB Push Pin s\u00e3o ideais para fixa\u00e7\u00e3o de documentos, notas e lembretes em quadros de corti\u00e7a, murais e<\/p>","protected":false},"featured_media":30477,"comment_status":"open","ping_status":"closed","template":"","meta":[],"product_brand":[],"product_cat":[197],"product_tag":[257],"class_list":{"0":"post-30474","1":"product","2":"type-product","3":"status-publish","4":"has-post-thumbnail","6":"product_cat-office-tools-furniture","7":"product_tag-office-tools-furniture","9":"first","10":"instock","11":"shipping-taxable","12":"product-type-simple"},"_links":{"self":[{"href":"https:\/\/alvobens.com\/pt\/wp-json\/wp\/v2\/product\/30474","targetHints":{"allow":["GET"]}}],"collection":[{"href":"https:\/\/alvobens.com\/pt\/wp-json\/wp\/v2\/product"}],"about":[{"href":"https:\/\/alvobens.com\/pt\/wp-json\/wp\/v2\/types\/product"}],"replies":[{"embeddable":true,"href":"https:\/\/alvobens.com\/pt\/wp-json\/wp\/v2\/comments?post=30474"}],"wp:featuredmedia":[{"embeddable":true,"href":"https:\/\/alvobens.com\/pt\/wp-json\/wp\/v2\/media\/30477"}],"wp:attachment":[{"href":"https:\/\/alvobens.com\/pt\/wp-json\/wp\/v2\/media?parent=30474"}],"wp:term":[{"taxonomy":"product_brand","embeddable":true,"href":"https:\/\/alvobens.com\/pt\/wp-json\/wp\/v2\/product_brand?post=30474"},{"taxonomy":"product_cat","embeddable":true,"href":"https:\/\/alvobens.com\/pt\/wp-json\/wp\/v2\/product_cat?post=30474"},{"taxonomy":"product_tag","embeddable":true,"href":"https:\/\/alvobens.com\/pt\/wp-json\/wp\/v2\/product_tag?post=30474"}],"curies":[{"name":"wp","href":"https:\/\/api.w.org\/{rel}","templated":true}]}}