{"id":30480,"date":"2025-09-27T23:05:33","date_gmt":"2025-09-27T23:05:33","guid":{"rendered":"https:\/\/alvobens.com\/?post_type=product&#038;p=30480"},"modified":"2025-09-27T23:05:33","modified_gmt":"2025-09-27T23:05:33","slug":"mascara-semi-facial-duplo-filtro-3m-6503ql-t-grande-en-140-ref-3m6503ql","status":"publish","type":"product","link":"https:\/\/alvobens.com\/pt\/produto\/mascara-semi-facial-duplo-filtro-3m-6503ql-t-grande-en-140-ref-3m6503ql\/","title":{"rendered":"M\u00e1scara Semi-Facial Duplo Filtro 3M 6503QL T. Grande EN 140 Ref. 3M6503QL"},"content":{"rendered":"","protected":false},"excerpt":{"rendered":"<p>Para um respirador que o mant\u00e9m confort\u00e1vel em ambientes de trabalho sujos e exigentes, utilize a m\u00e1scara semi-facial reutiliz\u00e1vel da 3M\u2122 6503QL. \u00c9 uma m\u00e1scara semi-facial de tamanho m\u00e9dio, duradoura e resistente, com uma estrutura forte e um vedante facial de silicone est\u00e1vel que \u00e9 simultaneamente macio e rijo. O mecanismo de engate r\u00e1pido facilita a coloca\u00e7\u00e3o ou remo\u00e7\u00e3o das m\u00e1scaras ao deslocar-se entre locais seguros ou contaminados. Isso significa que n\u00e3o necessita de remover o capacete de seguran\u00e7a ou a viseira facial para baixar ou levantar o respirador. O design discreto da meia m\u00e1scara facial oferece um campo de vis\u00e3o mais amplo e uma melhor compatibilidade com viseiras de soldadura e esmerilagem. O conjunto da fixa\u00e7\u00e3o ajust\u00e1vel para cabe\u00e7a melhora o conforto, e encaixa-se bem com os capacetes e prote\u00e7\u00e3o auditiva da 3M. A liga\u00e7\u00e3o de tipo baioneta adapta-se a uma grande variedade de filtros para proteger contra gases, vapores e part\u00edculas. A v\u00e1lvula Cool Flow\u2122 3M\u2122 facilita a respira\u00e7\u00e3o ajudando a reduzir a acumula\u00e7\u00e3o de calor e a exist\u00eancia de uma tampa de v\u00e1lvula de exala\u00e7\u00e3o ajuda a exala\u00e7\u00e3o direta e direciona a humidade para baixo para reduzir o embaciamento dos seus \u00f3culos e das viseiras de soldadura e esmerilagem. Pode ser utilizada com sistemas de ar fornecido 3M\u2122 para sua maior comodidade e flexibilidade e liga-se a todos os filtros de 3M\u2122 S\u00e9ries 2000, 5000 e 6000 (exceto 3M\u2122 6098 ou 6099). A S\u00e9rie 6500 possui uma variedade de pe\u00e7as de substitui\u00e7\u00e3o e acess\u00f3rios especialmente concebidas para o ajudar a manter o n\u00edvel adequado de conforto e prote\u00e7\u00e3o quando as pe\u00e7as ficarem gastas ou danificadas.<\/p>","protected":false},"featured_media":30482,"comment_status":"open","ping_status":"closed","template":"","meta":[],"product_brand":[],"product_cat":[199],"product_tag":[],"class_list":{"0":"post-30480","1":"product","2":"type-product","3":"status-publish","4":"has-post-thumbnail","6":"product_cat-healthcare-departments","8":"first","9":"instock","10":"shipping-taxable","11":"product-type-simple"},"_links":{"self":[{"href":"https:\/\/alvobens.com\/pt\/wp-json\/wp\/v2\/product\/30480","targetHints":{"allow":["GET"]}}],"collection":[{"href":"https:\/\/alvobens.com\/pt\/wp-json\/wp\/v2\/product"}],"about":[{"href":"https:\/\/alvobens.com\/pt\/wp-json\/wp\/v2\/types\/product"}],"replies":[{"embeddable":true,"href":"https:\/\/alvobens.com\/pt\/wp-json\/wp\/v2\/comments?post=30480"}],"wp:featuredmedia":[{"embeddable":true,"href":"https:\/\/alvobens.com\/pt\/wp-json\/wp\/v2\/media\/30482"}],"wp:attachment":[{"href":"https:\/\/alvobens.com\/pt\/wp-json\/wp\/v2\/media?parent=30480"}],"wp:term":[{"taxonomy":"product_brand","embeddable":true,"href":"https:\/\/alvobens.com\/pt\/wp-json\/wp\/v2\/product_brand?post=30480"},{"taxonomy":"product_cat","embeddable":true,"href":"https:\/\/alvobens.com\/pt\/wp-json\/wp\/v2\/product_cat?post=30480"},{"taxonomy":"product_tag","embeddable":true,"href":"https:\/\/alvobens.com\/pt\/wp-json\/wp\/v2\/product_tag?post=30480"}],"curies":[{"name":"wp","href":"https:\/\/api.w.org\/{rel}","templated":true}]}}