{"id":30484,"date":"2025-09-27T23:09:20","date_gmt":"2025-09-27T23:09:20","guid":{"rendered":"https:\/\/alvobens.com\/?post_type=product&#038;p=30484"},"modified":"2025-09-27T23:09:20","modified_gmt":"2025-09-27T23:09:20","slug":"compasso-metalico-2pcs","status":"publish","type":"product","link":"https:\/\/alvobens.com\/pt\/produto\/compasso-metalico-2pcs\/","title":{"rendered":"Compasso Met\u00e1lico 2Pcs"},"content":{"rendered":"<pre class=\"ncrangola-components-1-x-collapsibleTextDescriptionPre\">O Compasso Timestudent Met\u00e1lico 2 Pe\u00e7as \u00e9 um conjunto pr\u00e1tico e dur\u00e1vel, ideal para estudantes e profissionais que necessitam de precis\u00e3o em trabalhos de desenho t\u00e9cnico, geom\u00e9trico ou art\u00edstico.<\/pre>","protected":false},"excerpt":{"rendered":"<p>O Compasso Timestudent Met\u00e1lico 2 Pe\u00e7as \u00e9 um conjunto pr\u00e1tico e dur\u00e1vel, ideal para estudantes e profissionais que necessitam de<\/p>","protected":false},"featured_media":30485,"comment_status":"open","ping_status":"closed","template":"","meta":[],"product_brand":[],"product_cat":[197],"product_tag":[257],"class_list":{"0":"post-30484","1":"product","2":"type-product","3":"status-publish","4":"has-post-thumbnail","6":"product_cat-office-tools-furniture","7":"product_tag-office-tools-furniture","9":"first","10":"instock","11":"shipping-taxable","12":"product-type-simple"},"_links":{"self":[{"href":"https:\/\/alvobens.com\/pt\/wp-json\/wp\/v2\/product\/30484","targetHints":{"allow":["GET"]}}],"collection":[{"href":"https:\/\/alvobens.com\/pt\/wp-json\/wp\/v2\/product"}],"about":[{"href":"https:\/\/alvobens.com\/pt\/wp-json\/wp\/v2\/types\/product"}],"replies":[{"embeddable":true,"href":"https:\/\/alvobens.com\/pt\/wp-json\/wp\/v2\/comments?post=30484"}],"wp:featuredmedia":[{"embeddable":true,"href":"https:\/\/alvobens.com\/pt\/wp-json\/wp\/v2\/media\/30485"}],"wp:attachment":[{"href":"https:\/\/alvobens.com\/pt\/wp-json\/wp\/v2\/media?parent=30484"}],"wp:term":[{"taxonomy":"product_brand","embeddable":true,"href":"https:\/\/alvobens.com\/pt\/wp-json\/wp\/v2\/product_brand?post=30484"},{"taxonomy":"product_cat","embeddable":true,"href":"https:\/\/alvobens.com\/pt\/wp-json\/wp\/v2\/product_cat?post=30484"},{"taxonomy":"product_tag","embeddable":true,"href":"https:\/\/alvobens.com\/pt\/wp-json\/wp\/v2\/product_tag?post=30484"}],"curies":[{"name":"wp","href":"https:\/\/api.w.org\/{rel}","templated":true}]}}