{"id":30489,"date":"2025-09-27T23:13:56","date_gmt":"2025-09-27T23:13:56","guid":{"rendered":"https:\/\/alvobens.com\/?post_type=product&#038;p=30489"},"modified":"2025-09-27T23:13:56","modified_gmt":"2025-09-27T23:13:56","slug":"luvas-impacto-corte-suporte-pead-fibra-vidro-tb-2090x4x44","status":"publish","type":"product","link":"https:\/\/alvobens.com\/pt\/produto\/luvas-impacto-corte-suporte-pead-fibra-vidro-tb-2090x4x44\/","title":{"rendered":"Luvas Impacto + Corte Suporte PEAD + Fibra Vidro TB 2090X:4X44"},"content":{"rendered":"","protected":false},"excerpt":{"rendered":"<p>Luva com suporte em PEAD e fibras de vidro. Revestimento em nitrilo na palma. Refor\u00e7o no polegar e indicador. Dorso protec\u00e7\u00e3o impacto IR-X\u00ae Impact. Punho el\u00e1stico. Calibre 13. Pontos fortes: Grande resist\u00eancia ao corte e \u00e0 fura\u00e7\u00e3o.<\/p>","protected":false},"featured_media":30491,"comment_status":"open","ping_status":"closed","template":"","meta":[],"product_brand":[],"product_cat":[199],"product_tag":[],"class_list":{"0":"post-30489","1":"product","2":"type-product","3":"status-publish","4":"has-post-thumbnail","6":"product_cat-healthcare-departments","8":"first","9":"instock","10":"shipping-taxable","11":"product-type-simple"},"_links":{"self":[{"href":"https:\/\/alvobens.com\/pt\/wp-json\/wp\/v2\/product\/30489","targetHints":{"allow":["GET"]}}],"collection":[{"href":"https:\/\/alvobens.com\/pt\/wp-json\/wp\/v2\/product"}],"about":[{"href":"https:\/\/alvobens.com\/pt\/wp-json\/wp\/v2\/types\/product"}],"replies":[{"embeddable":true,"href":"https:\/\/alvobens.com\/pt\/wp-json\/wp\/v2\/comments?post=30489"}],"wp:featuredmedia":[{"embeddable":true,"href":"https:\/\/alvobens.com\/pt\/wp-json\/wp\/v2\/media\/30491"}],"wp:attachment":[{"href":"https:\/\/alvobens.com\/pt\/wp-json\/wp\/v2\/media?parent=30489"}],"wp:term":[{"taxonomy":"product_brand","embeddable":true,"href":"https:\/\/alvobens.com\/pt\/wp-json\/wp\/v2\/product_brand?post=30489"},{"taxonomy":"product_cat","embeddable":true,"href":"https:\/\/alvobens.com\/pt\/wp-json\/wp\/v2\/product_cat?post=30489"},{"taxonomy":"product_tag","embeddable":true,"href":"https:\/\/alvobens.com\/pt\/wp-json\/wp\/v2\/product_tag?post=30489"}],"curies":[{"name":"wp","href":"https:\/\/api.w.org\/{rel}","templated":true}]}}