{"id":30502,"date":"2025-09-27T23:23:17","date_gmt":"2025-09-27T23:23:17","guid":{"rendered":"https:\/\/alvobens.com\/?post_type=product&#038;p=30502"},"modified":"2025-09-27T23:23:17","modified_gmt":"2025-09-27T23:23:17","slug":"ponto-de-ancoragem-apx-en-795-palanca","status":"publish","type":"product","link":"https:\/\/alvobens.com\/pt\/produto\/ponto-de-ancoragem-apx-en-795-palanca\/","title":{"rendered":"Ponto de Ancoragem APX EN 795 PALANCA"},"content":{"rendered":"","protected":false},"excerpt":{"rendered":"<p>Ponto de ancoragem em a\u00e7o inoxid\u00e1vel que pode ser fixado em estruturas, permitindo a execu\u00e7\u00e3o dos trabalhos com total seguran\u00e7a. Pode ser instalado em superf\u00edcies de bet\u00e3o, madeira ou a\u00e7o. Possui um indicador de queda que permite verificar se o dispositivo est\u00e1 danificado. N\u00famero m\u00e1ximo de operadores por ponto de ancoragem: 1 operador. Material: A\u00e7o inoxid\u00e1vel. Di\u00e2metro: 12 mm. For\u00e7a de carga: 12 kN.<\/p>","protected":false},"featured_media":30504,"comment_status":"open","ping_status":"closed","template":"","meta":[],"product_brand":[],"product_cat":[199],"product_tag":[],"class_list":{"0":"post-30502","1":"product","2":"type-product","3":"status-publish","4":"has-post-thumbnail","6":"product_cat-healthcare-departments","8":"first","9":"instock","10":"shipping-taxable","11":"product-type-simple"},"_links":{"self":[{"href":"https:\/\/alvobens.com\/pt\/wp-json\/wp\/v2\/product\/30502","targetHints":{"allow":["GET"]}}],"collection":[{"href":"https:\/\/alvobens.com\/pt\/wp-json\/wp\/v2\/product"}],"about":[{"href":"https:\/\/alvobens.com\/pt\/wp-json\/wp\/v2\/types\/product"}],"replies":[{"embeddable":true,"href":"https:\/\/alvobens.com\/pt\/wp-json\/wp\/v2\/comments?post=30502"}],"wp:featuredmedia":[{"embeddable":true,"href":"https:\/\/alvobens.com\/pt\/wp-json\/wp\/v2\/media\/30504"}],"wp:attachment":[{"href":"https:\/\/alvobens.com\/pt\/wp-json\/wp\/v2\/media?parent=30502"}],"wp:term":[{"taxonomy":"product_brand","embeddable":true,"href":"https:\/\/alvobens.com\/pt\/wp-json\/wp\/v2\/product_brand?post=30502"},{"taxonomy":"product_cat","embeddable":true,"href":"https:\/\/alvobens.com\/pt\/wp-json\/wp\/v2\/product_cat?post=30502"},{"taxonomy":"product_tag","embeddable":true,"href":"https:\/\/alvobens.com\/pt\/wp-json\/wp\/v2\/product_tag?post=30502"}],"curies":[{"name":"wp","href":"https:\/\/api.w.org\/{rel}","templated":true}]}}