{"id":30503,"date":"2025-09-27T23:23:14","date_gmt":"2025-09-27T23:23:14","guid":{"rendered":"https:\/\/alvobens.com\/?post_type=product&#038;p=30503"},"modified":"2025-09-27T23:23:14","modified_gmt":"2025-09-27T23:23:14","slug":"furador-e210-preto-10fls","status":"publish","type":"product","link":"https:\/\/alvobens.com\/pt\/produto\/furador-e210-preto-10fls\/","title":{"rendered":"Furador E210 Preto 10fls"},"content":{"rendered":"<pre class=\"ncrangola-components-1-x-collapsibleTextDescriptionPre\">O furador (tamb\u00e9m conhecido como perfurador de papel) \u00e9 uma ferramenta de escrit\u00f3rio essencial usada para fazer furos em folhas de papel, com o objetivo de organiz\u00e1-las em fich\u00e1rios, pastas ou an\u00e9is. Ele \u00e9 muito utilizado em ambientes de trabalho, escolas e escrit\u00f3rios para manter documentos arquivados de maneira pr\u00e1tica e ordenada.<\/pre>","protected":false},"excerpt":{"rendered":"<p>O furador (tamb\u00e9m conhecido como perfurador de papel) \u00e9 uma ferramenta de escrit\u00f3rio essencial usada para fazer furos em folhas<\/p>","protected":false},"featured_media":30505,"comment_status":"open","ping_status":"closed","template":"","meta":[],"product_brand":[],"product_cat":[197],"product_tag":[257],"class_list":{"0":"post-30503","1":"product","2":"type-product","3":"status-publish","4":"has-post-thumbnail","6":"product_cat-office-tools-furniture","7":"product_tag-office-tools-furniture","9":"first","10":"instock","11":"shipping-taxable","12":"product-type-simple"},"_links":{"self":[{"href":"https:\/\/alvobens.com\/pt\/wp-json\/wp\/v2\/product\/30503","targetHints":{"allow":["GET"]}}],"collection":[{"href":"https:\/\/alvobens.com\/pt\/wp-json\/wp\/v2\/product"}],"about":[{"href":"https:\/\/alvobens.com\/pt\/wp-json\/wp\/v2\/types\/product"}],"replies":[{"embeddable":true,"href":"https:\/\/alvobens.com\/pt\/wp-json\/wp\/v2\/comments?post=30503"}],"wp:featuredmedia":[{"embeddable":true,"href":"https:\/\/alvobens.com\/pt\/wp-json\/wp\/v2\/media\/30505"}],"wp:attachment":[{"href":"https:\/\/alvobens.com\/pt\/wp-json\/wp\/v2\/media?parent=30503"}],"wp:term":[{"taxonomy":"product_brand","embeddable":true,"href":"https:\/\/alvobens.com\/pt\/wp-json\/wp\/v2\/product_brand?post=30503"},{"taxonomy":"product_cat","embeddable":true,"href":"https:\/\/alvobens.com\/pt\/wp-json\/wp\/v2\/product_cat?post=30503"},{"taxonomy":"product_tag","embeddable":true,"href":"https:\/\/alvobens.com\/pt\/wp-json\/wp\/v2\/product_tag?post=30503"}],"curies":[{"name":"wp","href":"https:\/\/api.w.org\/{rel}","templated":true}]}}