{"id":30506,"date":"2025-09-27T23:27:36","date_gmt":"2025-09-27T23:27:36","guid":{"rendered":"https:\/\/alvobens.com\/?post_type=product&#038;p=30506"},"modified":"2025-09-27T23:27:36","modified_gmt":"2025-09-27T23:27:36","slug":"calculadora-cientifica-core-ed82ms-102-digitos-referencia-6921734995865","status":"publish","type":"product","link":"https:\/\/alvobens.com\/pt\/produto\/calculadora-cientifica-core-ed82ms-102-digitos-referencia-6921734995865\/","title":{"rendered":"Calculadora Cient\u00edfica Core ED82MS \u2013 10+2 D\u00edgitos refer\u00eancia: 6921734995865"},"content":{"rendered":"<pre class=\"ncrangola-components-1-x-collapsibleTextDescriptionPre\">A calculadora cient\u00edfica Deli Core ED82MS \u00e9 ideal para estudantes e profissionais que precisam de c\u00e1lculos avan\u00e7ados no dia a dia. Com 10 d\u00edgitos de exibi\u00e7\u00e3o + 2 d\u00edgitos de expoente, oferece praticidade e precis\u00e3o em opera\u00e7\u00f5es matem\u00e1ticas complexas. Conta com m\u00faltiplas fun\u00e7\u00f5es, design port\u00e1til e teclas macias que garantem maior conforto no uso cont\u00ednuo.<\/pre>","protected":false},"excerpt":{"rendered":"<p>A calculadora cient\u00edfica Deli Core ED82MS \u00e9 ideal para estudantes e profissionais que precisam de c\u00e1lculos avan\u00e7ados no dia a<\/p>","protected":false},"featured_media":30508,"comment_status":"open","ping_status":"closed","template":"","meta":[],"product_brand":[],"product_cat":[197],"product_tag":[257],"class_list":{"0":"post-30506","1":"product","2":"type-product","3":"status-publish","4":"has-post-thumbnail","6":"product_cat-office-tools-furniture","7":"product_tag-office-tools-furniture","9":"first","10":"instock","11":"shipping-taxable","12":"product-type-simple"},"_links":{"self":[{"href":"https:\/\/alvobens.com\/pt\/wp-json\/wp\/v2\/product\/30506","targetHints":{"allow":["GET"]}}],"collection":[{"href":"https:\/\/alvobens.com\/pt\/wp-json\/wp\/v2\/product"}],"about":[{"href":"https:\/\/alvobens.com\/pt\/wp-json\/wp\/v2\/types\/product"}],"replies":[{"embeddable":true,"href":"https:\/\/alvobens.com\/pt\/wp-json\/wp\/v2\/comments?post=30506"}],"wp:featuredmedia":[{"embeddable":true,"href":"https:\/\/alvobens.com\/pt\/wp-json\/wp\/v2\/media\/30508"}],"wp:attachment":[{"href":"https:\/\/alvobens.com\/pt\/wp-json\/wp\/v2\/media?parent=30506"}],"wp:term":[{"taxonomy":"product_brand","embeddable":true,"href":"https:\/\/alvobens.com\/pt\/wp-json\/wp\/v2\/product_brand?post=30506"},{"taxonomy":"product_cat","embeddable":true,"href":"https:\/\/alvobens.com\/pt\/wp-json\/wp\/v2\/product_cat?post=30506"},{"taxonomy":"product_tag","embeddable":true,"href":"https:\/\/alvobens.com\/pt\/wp-json\/wp\/v2\/product_tag?post=30506"}],"curies":[{"name":"wp","href":"https:\/\/api.w.org\/{rel}","templated":true}]}}