{"id":30513,"date":"2025-09-27T23:51:44","date_gmt":"2025-09-27T23:51:44","guid":{"rendered":"https:\/\/alvobens.com\/?post_type=product&#038;p=30513"},"modified":"2025-09-27T23:51:44","modified_gmt":"2025-09-27T23:51:44","slug":"luvas-impacto-nylonnitrilo-tb715-impact-en-3884131x407","status":"publish","type":"product","link":"https:\/\/alvobens.com\/pt\/produto\/luvas-impacto-nylonnitrilo-tb715-impact-en-3884131x407\/","title":{"rendered":"Luvas Impacto Nylon+Nitrilo TB715 IMPACT EN 388:4131X+407"},"content":{"rendered":"","protected":false},"excerpt":{"rendered":"<p>Luvas em Nylon de ergonomia superior, para um melhor conforto do seu utilizador e que proporciona maior toque e precis\u00e3o ao objecto. Minimiza a fadiga muscular e evita les\u00f5es causadas por opera\u00e7\u00f5es repetitivas durante o processo de trabalho. Tem revestimento de NBR Durafoam para garantir uma maior vida \u00fatil \u00e0 luva, sendo este revestimento muito superior a outros. Oferece respirabilidade e conforto. Tratamento hidrorrepelente na palma contra \u00f3leos e gorduras. Prote\u00e7\u00f5es TPR no dorso para protec\u00e7\u00e3o aos choques e impactos. Protege contra impactos e aprisionamento no manuseio ou montagem de pe\u00e7as pesadas. Indicadas tanto para trabalhos secos como para trabalhos molhados. Calibre 15. Manguito el\u00e1stico.<\/p>","protected":false},"featured_media":30515,"comment_status":"open","ping_status":"closed","template":"","meta":[],"product_brand":[],"product_cat":[],"product_tag":[],"class_list":{"0":"post-30513","1":"product","2":"type-product","3":"status-publish","4":"has-post-thumbnail","7":"first","8":"instock","9":"shipping-taxable","10":"product-type-simple"},"_links":{"self":[{"href":"https:\/\/alvobens.com\/pt\/wp-json\/wp\/v2\/product\/30513","targetHints":{"allow":["GET"]}}],"collection":[{"href":"https:\/\/alvobens.com\/pt\/wp-json\/wp\/v2\/product"}],"about":[{"href":"https:\/\/alvobens.com\/pt\/wp-json\/wp\/v2\/types\/product"}],"replies":[{"embeddable":true,"href":"https:\/\/alvobens.com\/pt\/wp-json\/wp\/v2\/comments?post=30513"}],"wp:featuredmedia":[{"embeddable":true,"href":"https:\/\/alvobens.com\/pt\/wp-json\/wp\/v2\/media\/30515"}],"wp:attachment":[{"href":"https:\/\/alvobens.com\/pt\/wp-json\/wp\/v2\/media?parent=30513"}],"wp:term":[{"taxonomy":"product_brand","embeddable":true,"href":"https:\/\/alvobens.com\/pt\/wp-json\/wp\/v2\/product_brand?post=30513"},{"taxonomy":"product_cat","embeddable":true,"href":"https:\/\/alvobens.com\/pt\/wp-json\/wp\/v2\/product_cat?post=30513"},{"taxonomy":"product_tag","embeddable":true,"href":"https:\/\/alvobens.com\/pt\/wp-json\/wp\/v2\/product_tag?post=30513"}],"curies":[{"name":"wp","href":"https:\/\/api.w.org\/{rel}","templated":true}]}}