{"id":30520,"date":"2025-09-27T23:56:00","date_gmt":"2025-09-27T23:56:00","guid":{"rendered":"https:\/\/alvobens.com\/?post_type=product&#038;p=30520"},"modified":"2025-09-27T23:56:00","modified_gmt":"2025-09-27T23:56:00","slug":"boca-incendio-t-carretel-extintor-6-kg-palanca","status":"publish","type":"product","link":"https:\/\/alvobens.com\/pt\/produto\/boca-incendio-t-carretel-extintor-6-kg-palanca\/","title":{"rendered":"Boca Inc\u00eandio T\/Carretel + Extintor 6 kg PALANCA"},"content":{"rendered":"","protected":false},"excerpt":{"rendered":"<p class=\"reference\"><small>Ref. PALBICEXT<\/small><\/p>\n<div class=\"clearer\"><\/div>\n<div class=\"short-description\">\n<div class=\"std\">\n<p>Boca de inc\u00eandio com extintor de 6 kg e mangueira semir\u00edgida, em arm\u00e1rio com enrolador.<br \/>\nOs materiais (tubo de a\u00e7o sem costura e revestimento com pintura eletrol\u00edtica) n\u00e3o s\u00e3o t\u00f3xicos para o corpo humano.<br \/>\nMangueira<br \/>\nA mangueira \u00e9 feita de tecido e revestimento de poliuretano e terileno.<br \/>\nDi\u00e2metro da mangueira: 1\u201d<br \/>\nPress\u00e3o de trabalho: 12Bar<br \/>\nMaterial interno e externo: PVC<br \/>\nPress\u00e3o de ruptura: 40Bar<br \/>\nComprimento da mangueira: 30 m<br \/>\nPress\u00e3o de trabalho do hidrante: 16Bar<br \/>\nTipo de descarga do bico da mangueira: Spray &amp; Jet<br \/>\nCarretel<br \/>\nPintado em vermelho RAL 3000, com di\u00e2metro do enrolador: 555 mm<br \/>\n\u00c2ngulo m\u00f3vel de giro: 90\u00b0<br \/>\nFaixa do eixo vertical do carretel: 170\u00b0<br \/>\nArm\u00e1rio Dimens\u00f5es: 960x700x250 mm, com janela de 320&#215;320 mm.<br \/>\nEspessura da chapa: 1,2 mm<br \/>\nMaterial: Q235<br \/>\nSuperf\u00edcie: Eletrorevestimento \u00e0 cor vermelho RAL 3000.<br \/>\nAberturas individuais para cada porta, em metalizado com inscri\u00e7\u00f5es:<br \/>\n&#8211; porta de extintor: abertura \u00e0 esquerda;<br \/>\n&#8211; porta de carretel: abertura \u00e0 direita.<\/p>\n<\/div>\n<\/div>","protected":false},"featured_media":30522,"comment_status":"open","ping_status":"closed","template":"","meta":[],"product_brand":[],"product_cat":[199],"product_tag":[],"class_list":{"0":"post-30520","1":"product","2":"type-product","3":"status-publish","4":"has-post-thumbnail","6":"product_cat-healthcare-departments","8":"first","9":"instock","10":"shipping-taxable","11":"product-type-simple"},"_links":{"self":[{"href":"https:\/\/alvobens.com\/pt\/wp-json\/wp\/v2\/product\/30520","targetHints":{"allow":["GET"]}}],"collection":[{"href":"https:\/\/alvobens.com\/pt\/wp-json\/wp\/v2\/product"}],"about":[{"href":"https:\/\/alvobens.com\/pt\/wp-json\/wp\/v2\/types\/product"}],"replies":[{"embeddable":true,"href":"https:\/\/alvobens.com\/pt\/wp-json\/wp\/v2\/comments?post=30520"}],"wp:featuredmedia":[{"embeddable":true,"href":"https:\/\/alvobens.com\/pt\/wp-json\/wp\/v2\/media\/30522"}],"wp:attachment":[{"href":"https:\/\/alvobens.com\/pt\/wp-json\/wp\/v2\/media?parent=30520"}],"wp:term":[{"taxonomy":"product_brand","embeddable":true,"href":"https:\/\/alvobens.com\/pt\/wp-json\/wp\/v2\/product_brand?post=30520"},{"taxonomy":"product_cat","embeddable":true,"href":"https:\/\/alvobens.com\/pt\/wp-json\/wp\/v2\/product_cat?post=30520"},{"taxonomy":"product_tag","embeddable":true,"href":"https:\/\/alvobens.com\/pt\/wp-json\/wp\/v2\/product_tag?post=30520"}],"curies":[{"name":"wp","href":"https:\/\/api.w.org\/{rel}","templated":true}]}}