{"id":30559,"date":"2025-09-28T00:25:10","date_gmt":"2025-09-28T00:25:10","guid":{"rendered":"https:\/\/alvobens.com\/?post_type=product&#038;p=30559"},"modified":"2025-09-28T00:25:10","modified_gmt":"2025-09-28T00:25:10","slug":"gel-desinfectante-de-maos-cleancare-500-mlc-doseador-pecol","status":"publish","type":"product","link":"https:\/\/alvobens.com\/pt\/produto\/gel-desinfectante-de-maos-cleancare-500-mlc-doseador-pecol\/","title":{"rendered":"Gel Desinfectante de M\u00e3os CLEAN+CARE 500 mlc\/ Doseador PECOL"},"content":{"rendered":"","protected":false},"excerpt":{"rendered":"<p>Gel desinfectante para m\u00e3os com 80% de \u00e1lcool, em embalagem de 500 ml. &#8211; gel desinfectante de m\u00e3os com 80% de \u00e1lcool; &#8211; desinfecta as m\u00e3os em profundidade; &#8211; pronto a aplicar; &#8211; hidratante, protege a pele. O gel Pecol Clean&amp;Care \u00e9 um desinfectante pronto a aplicar, com elevada efic\u00e1cia contra microrganismos. Uma f\u00f3rmula recomendada pela OMS, que desinfecta eficazmente as m\u00e3os mantendo-as hidratadas.<\/p>","protected":false},"featured_media":30563,"comment_status":"open","ping_status":"closed","template":"","meta":[],"product_brand":[],"product_cat":[199],"product_tag":[],"class_list":{"0":"post-30559","1":"product","2":"type-product","3":"status-publish","4":"has-post-thumbnail","6":"product_cat-healthcare-departments","8":"first","9":"instock","10":"shipping-taxable","11":"product-type-simple"},"_links":{"self":[{"href":"https:\/\/alvobens.com\/pt\/wp-json\/wp\/v2\/product\/30559","targetHints":{"allow":["GET"]}}],"collection":[{"href":"https:\/\/alvobens.com\/pt\/wp-json\/wp\/v2\/product"}],"about":[{"href":"https:\/\/alvobens.com\/pt\/wp-json\/wp\/v2\/types\/product"}],"replies":[{"embeddable":true,"href":"https:\/\/alvobens.com\/pt\/wp-json\/wp\/v2\/comments?post=30559"}],"wp:featuredmedia":[{"embeddable":true,"href":"https:\/\/alvobens.com\/pt\/wp-json\/wp\/v2\/media\/30563"}],"wp:attachment":[{"href":"https:\/\/alvobens.com\/pt\/wp-json\/wp\/v2\/media?parent=30559"}],"wp:term":[{"taxonomy":"product_brand","embeddable":true,"href":"https:\/\/alvobens.com\/pt\/wp-json\/wp\/v2\/product_brand?post=30559"},{"taxonomy":"product_cat","embeddable":true,"href":"https:\/\/alvobens.com\/pt\/wp-json\/wp\/v2\/product_cat?post=30559"},{"taxonomy":"product_tag","embeddable":true,"href":"https:\/\/alvobens.com\/pt\/wp-json\/wp\/v2\/product_tag?post=30559"}],"curies":[{"name":"wp","href":"https:\/\/api.w.org\/{rel}","templated":true}]}}