{"id":30565,"date":"2025-09-28T00:27:14","date_gmt":"2025-09-28T00:27:14","guid":{"rendered":"https:\/\/alvobens.com\/?post_type=product&#038;p=30565"},"modified":"2025-09-28T00:27:14","modified_gmt":"2025-09-28T00:27:14","slug":"saboneteira-em-abs-700-ml-115x120x210-mm-cb4000-cubo-hotel","status":"publish","type":"product","link":"https:\/\/alvobens.com\/pt\/produto\/saboneteira-em-abs-700-ml-115x120x210-mm-cb4000-cubo-hotel\/","title":{"rendered":"Saboneteira em ABS 700 ml 115x120x210 mm CB4000 Cubo Hotel"},"content":{"rendered":"","protected":false},"excerpt":{"rendered":"<p>Saboneteira doseadora de \u00e1lcool gel em ABS 700 ml muito robusta, especial para colectividades. &#8211; capacidade: 700 ml (de 350 a 700 doses); &#8211; compat\u00edvel com gel, espuma ou gel hidroalco\u00f3lico; &#8211; dep\u00f3sito extra\u00edvel para facilitar a sua limpeza; &#8211; inv\u00f3lucro em ABS de cor cinza e branco; &#8211; indicador de n\u00edvel; &#8211; fecho com chave; &#8211; garantia de 2 anos. Para USO INTERNO &#8211; aplica\u00e7\u00e3o na parede em todas as instala\u00e7\u00f5es e edif\u00edcios.<\/p>","protected":false},"featured_media":30569,"comment_status":"open","ping_status":"closed","template":"","meta":[],"product_brand":[],"product_cat":[199],"product_tag":[],"class_list":{"0":"post-30565","1":"product","2":"type-product","3":"status-publish","4":"has-post-thumbnail","6":"product_cat-healthcare-departments","8":"first","9":"instock","10":"shipping-taxable","11":"product-type-simple"},"_links":{"self":[{"href":"https:\/\/alvobens.com\/pt\/wp-json\/wp\/v2\/product\/30565","targetHints":{"allow":["GET"]}}],"collection":[{"href":"https:\/\/alvobens.com\/pt\/wp-json\/wp\/v2\/product"}],"about":[{"href":"https:\/\/alvobens.com\/pt\/wp-json\/wp\/v2\/types\/product"}],"replies":[{"embeddable":true,"href":"https:\/\/alvobens.com\/pt\/wp-json\/wp\/v2\/comments?post=30565"}],"wp:featuredmedia":[{"embeddable":true,"href":"https:\/\/alvobens.com\/pt\/wp-json\/wp\/v2\/media\/30569"}],"wp:attachment":[{"href":"https:\/\/alvobens.com\/pt\/wp-json\/wp\/v2\/media?parent=30565"}],"wp:term":[{"taxonomy":"product_brand","embeddable":true,"href":"https:\/\/alvobens.com\/pt\/wp-json\/wp\/v2\/product_brand?post=30565"},{"taxonomy":"product_cat","embeddable":true,"href":"https:\/\/alvobens.com\/pt\/wp-json\/wp\/v2\/product_cat?post=30565"},{"taxonomy":"product_tag","embeddable":true,"href":"https:\/\/alvobens.com\/pt\/wp-json\/wp\/v2\/product_tag?post=30565"}],"curies":[{"name":"wp","href":"https:\/\/api.w.org\/{rel}","templated":true}]}}